{"id":11,"date":"2026-02-09T21:25:33","date_gmt":"2026-02-09T21:25:33","guid":{"rendered":"https:\/\/jardinsprives-cotedopale.fr\/?page_id=11"},"modified":"2026-03-30T13:55:11","modified_gmt":"2026-03-30T13:55:11","slug":"formules","status":"publish","type":"page","link":"https:\/\/jardinsprives-cotedopale.fr\/formules\/","title":{"rendered":"Formules"},"content":{"rendered":"<p>[et_pb_section fb_built=\u00a0\u00bb1&Prime; module_id=\u00a0\u00bbformules\u00a0\u00bb _builder_version=\u00a0\u00bb4.27.5&Prime; _module_preset=\u00a0\u00bbdefault\u00a0\u00bb custom_padding=\u00a0\u00bb||1px|||\u00a0\u00bb global_colors_info=\u00a0\u00bb{}\u00a0\u00bb][et_pb_row _builder_version=\u00a0\u00bb4.27.5&Prime; _module_preset=\u00a0\u00bbdefault\u00a0\u00bb global_colors_info=\u00a0\u00bb{}\u00a0\u00bb][et_pb_column type=\u00a0\u00bb4_4&Prime; _builder_version=\u00a0\u00bb4.27.5&Prime; _module_preset=\u00a0\u00bbdefault\u00a0\u00bb global_colors_info=\u00a0\u00bb{}\u00a0\u00bb][et_pb_text _builder_version=\u00a0\u00bb4.27.6&Prime; _module_preset=\u00a0\u00bbdefault\u00a0\u00bb text_font=\u00a0\u00bb&#8211;et_global_heading_font||||||||\u00a0\u00bb text_text_color=\u00a0\u00bb#000000&Prime; text_font_size=\u00a0\u00bb45px\u00a0\u00bb header_font_size=\u00a0\u00bb42px\u00a0\u00bb header_font_size_tablet=\u00a0\u00bb\u00a0\u00bb header_font_size_phone=\u00a0\u00bb42px\u00a0\u00bb header_font_size_last_edited=\u00a0\u00bbon|phone\u00a0\u00bb global_colors_info=\u00a0\u00bb{}\u00a0\u00bb]<\/p>\n<h1>Formules tout compris<\/h1>\n<p>[\/et_pb_text][\/et_pb_column][\/et_pb_row][et_pb_row column_structure=\u00a0\u00bb1_2,1_2&Prime; _builder_version=\u00a0\u00bb4.27.5&Prime; _module_preset=\u00a0\u00bbdefault\u00a0\u00bb custom_margin=\u00a0\u00bb-26px|auto||auto||\u00a0\u00bb global_colors_info=\u00a0\u00bb{}\u00a0\u00bb][et_pb_column type=\u00a0\u00bb1_2&Prime; _builder_version=\u00a0\u00bb4.27.5&Prime; _module_preset=\u00a0\u00bbdefault\u00a0\u00bb global_colors_info=\u00a0\u00bb{}\u00a0\u00bb][et_pb_image src=\u00a0\u00bbhttps:\/\/jardinsprives-cotedopale.fr\/wp-content\/uploads\/2026\/03\/Fotolia_46558861_XS.jpg\u00a0\u00bb _builder_version=\u00a0\u00bb4.27.6&Prime; _module_preset=\u00a0\u00bbdefault\u00a0\u00bb alt=\u00a0\u00bbbechage de massifs\u00a0\u00bb title_text=\u00a0\u00bbjardinier entretien de jardin\u00a0\u00bb align=\u00a0\u00bbright\u00a0\u00bb force_fullwidth=\u00a0\u00bbon\u00a0\u00bb hover_enabled=\u00a0\u00bb0&Prime; sticky_enabled=\u00a0\u00bb0&Prime;][\/et_pb_image][\/et_pb_column][et_pb_column type=\u00a0\u00bb1_2&Prime; _builder_version=\u00a0\u00bb4.27.5&Prime; _module_preset=\u00a0\u00bbdefault\u00a0\u00bb global_colors_info=\u00a0\u00bb{}\u00a0\u00bb][et_pb_text _builder_version=\u00a0\u00bb4.27.6&Prime; _module_preset=\u00a0\u00bb003e9429-8e11-4d9e-968b-8881092bbf81&Prime; text_font=\u00a0\u00bb&#8211;et_global_heading_font||||||||\u00a0\u00bb text_font_size=\u00a0\u00bb17px\u00a0\u00bb header_2_font=\u00a0\u00bb&#8211;et_global_heading_font||||||||\u00a0\u00bb header_2_text_color=\u00a0\u00bb#000000&Prime; header_2_font_size=\u00a0\u00bb40px\u00a0\u00bb header_2_line_height=\u00a0\u00bb1.3em\u00a0\u00bb custom_margin=\u00a0\u00bb||10px||false|false\u00a0\u00bb header_2_font_size_tablet=\u00a0\u00bb32px\u00a0\u00bb header_2_font_size_phone=\u00a0\u00bb31px\u00a0\u00bb header_2_font_size_last_edited=\u00a0\u00bbon|desktop\u00a0\u00bb header_2_line_height_tablet=\u00a0\u00bb1.2em\u00a0\u00bb header_2_line_height_phone=\u00a0\u00bb1.2em\u00a0\u00bb header_2_line_height_last_edited=\u00a0\u00bboff|desktop\u00a0\u00bb saved_tabs=\u00a0\u00bball\u00a0\u00bb locked=\u00a0\u00bboff\u00a0\u00bb global_colors_info=\u00a0\u00bb{}\u00a0\u00bb]<\/p>\n<h2>Un bon coup de main<\/h2>\n<p>[\/et_pb_text][et_pb_text _builder_version=\u00a0\u00bb4.27.5&Prime; _module_preset=\u00a0\u00bbdefault\u00a0\u00bb text_font=\u00a0\u00bb&#8211;et_global_body_font||||||||\u00a0\u00bb text_text_color=\u00a0\u00bb#000000&Prime; text_font_size=\u00a0\u00bb18px\u00a0\u00bb global_colors_info=\u00a0\u00bb{}\u00a0\u00bb]<\/p>\n<p><strong>Un jardinier expert vient vous aider dans votre jardin pendant une journ\u00e9e compl\u00e8te.<\/strong><\/p>\n<p>Vous aimez jardiner, mais il y a bon nombre de travaux qui n\u00e9cessitent 2 bons bras suppl\u00e9mentaires, du courage et du savoir-faire.<\/p>\n<p>Pendant une journ\u00e9e compl\u00e8te, un bon jardinier vous apporte ses bras et ses lumi\u00e8res, pour vous aider \u00e0 r\u00e9aliser vos travaux de jardin.<\/p>\n<p>En fin de journ\u00e9e notre jardinier \u00e9vacue vos d\u00e9chets de jardin.<\/p>\n<p><strong>Tarif 408\u20ac frais de d\u00e9placement inclus. Vous b\u00e9n\u00e9ficiez d\u2019un avantage fiscal de 204\u20ac, soit un co\u00fbt r\u00e9el pour vous de 204\u20ac.<\/strong><\/p>\n<p>[\/et_pb_text][et_pb_image src=\u00a0\u00bbhttps:\/\/jardinsprives-cotedopale.fr\/wp-content\/uploads\/2026\/03\/SAP.gif\u00a0\u00bb _builder_version=\u00a0\u00bb4.27.6&Prime; _module_preset=\u00a0\u00bbdefault\u00a0\u00bb alt=\u00a0\u00bbservice a la personne\u00a0\u00bb title_text=\u00a0\u00bbSAP\u00a0\u00bb height=\u00a0\u00bb185px\u00a0\u00bb hover_enabled=\u00a0\u00bb0&Prime; sticky_enabled=\u00a0\u00bb0&Prime;][\/et_pb_image][\/et_pb_column][\/et_pb_row][\/et_pb_section][et_pb_section fb_built=\u00a0\u00bb1&Prime; _builder_version=\u00a0\u00bb4.27.6&Prime; _module_preset=\u00a0\u00bbdefault\u00a0\u00bb custom_padding=\u00a0\u00bb2px||0px|||\u00a0\u00bb hover_enabled=\u00a0\u00bb0&Prime; global_colors_info=\u00a0\u00bb{}\u00a0\u00bb custom_margin=\u00a0\u00bb30px||||false|false\u00a0\u00bb sticky_enabled=\u00a0\u00bb0&Prime;][et_pb_row column_structure=\u00a0\u00bb1_2,1_2&Prime; _builder_version=\u00a0\u00bb4.27.5&Prime; _module_preset=\u00a0\u00bbdefault\u00a0\u00bb global_colors_info=\u00a0\u00bb{}\u00a0\u00bb][et_pb_column type=\u00a0\u00bb1_2&Prime; _builder_version=\u00a0\u00bb4.27.5&Prime; _module_preset=\u00a0\u00bbdefault\u00a0\u00bb global_colors_info=\u00a0\u00bb{}\u00a0\u00bb][et_pb_image src=\u00a0\u00bbhttps:\/\/jardinsprives-cotedopale.fr\/wp-content\/uploads\/2026\/03\/AdobeStock_253055752.jpg\u00a0\u00bb _builder_version=\u00a0\u00bb4.27.6&Prime; _module_preset=\u00a0\u00bbdefault\u00a0\u00bb alt=\u00a0\u00bbkarcher sur terrasse\u00a0\u00bb title_text=\u00a0\u00bbnettoyage terrasse\u00a0\u00bb hover_enabled=\u00a0\u00bb0&Prime; sticky_enabled=\u00a0\u00bb0&Prime;][\/et_pb_image][et_pb_image src=\u00a0\u00bbhttps:\/\/jardinsprives-cotedopale.fr\/wp-content\/uploads\/2026\/03\/brouette-2.jpg\u00a0\u00bb title_text=\u00a0\u00bbbrouette-2&Prime; _builder_version=\u00a0\u00bb4.27.5&Prime; _module_preset=\u00a0\u00bbdefault\u00a0\u00bb global_colors_info=\u00a0\u00bb{}\u00a0\u00bb][\/et_pb_image][et_pb_image src=\u00a0\u00bbhttps:\/\/jardinsprives-cotedopale.fr\/wp-content\/uploads\/2026\/03\/SAP.gif\u00a0\u00bb _builder_version=\u00a0\u00bb4.27.6&Prime; _module_preset=\u00a0\u00bbdefault\u00a0\u00bb title_text=\u00a0\u00bbSAP\u00a0\u00bb hover_enabled=\u00a0\u00bb0&Prime; sticky_enabled=\u00a0\u00bb0&Prime; min_height=\u00a0\u00bb201px\u00a0\u00bb height=\u00a0\u00bb473px\u00a0\u00bb max_height=\u00a0\u00bb100px\u00a0\u00bb width=\u00a0\u00bb65%\u00a0\u00bb max_width=\u00a0\u00bb100%\u00a0\u00bb alt=\u00a0\u00bbservice a la personne\u00a0\u00bb custom_margin=\u00a0\u00bb-86px||0px||false|false\u00a0\u00bb align=\u00a0\u00bbright\u00a0\u00bb][\/et_pb_image][\/et_pb_column][et_pb_column type=\u00a0\u00bb1_2&Prime; _builder_version=\u00a0\u00bb4.27.5&Prime; _module_preset=\u00a0\u00bbdefault\u00a0\u00bb global_colors_info=\u00a0\u00bb{}\u00a0\u00bb][et_pb_text _builder_version=\u00a0\u00bb4.27.6&Prime; _module_preset=\u00a0\u00bb003e9429-8e11-4d9e-968b-8881092bbf81&Prime; header_2_font=\u00a0\u00bb&#8211;et_global_heading_font||||||||\u00a0\u00bb header_2_text_color=\u00a0\u00bb#000000&Prime; header_2_font_size=\u00a0\u00bb40px\u00a0\u00bb header_2_line_height=\u00a0\u00bb1.3em\u00a0\u00bb custom_margin=\u00a0\u00bb0px||10px||false|false\u00a0\u00bb hover_enabled=\u00a0\u00bb0&Prime; header_2_font_size_tablet=\u00a0\u00bb32px\u00a0\u00bb header_2_font_size_phone=\u00a0\u00bb18px\u00a0\u00bb header_2_font_size_last_edited=\u00a0\u00bbon|desktop\u00a0\u00bb header_2_line_height_tablet=\u00a0\u00bb1.2em\u00a0\u00bb header_2_line_height_phone=\u00a0\u00bb1.2em\u00a0\u00bb header_2_line_height_last_edited=\u00a0\u00bboff|desktop\u00a0\u00bb saved_tabs=\u00a0\u00bball\u00a0\u00bb locked=\u00a0\u00bboff\u00a0\u00bb global_colors_info=\u00a0\u00bb{}\u00a0\u00bb sticky_enabled=\u00a0\u00bb0&Prime; custom_padding=\u00a0\u00bb||0px||false|false\u00a0\u00bb]<\/p>\n<h2>Grand nettoyage de jardin<\/h2>\n<p>[\/et_pb_text][et_pb_text _builder_version=\u00a0\u00bb4.27.6&Prime; _module_preset=\u00a0\u00bbdefault\u00a0\u00bb text_text_color=\u00a0\u00bb#000000&Prime; text_font_size=\u00a0\u00bb18px\u00a0\u00bb custom_padding=\u00a0\u00bb0px||17px||false|false\u00a0\u00bb hover_enabled=\u00a0\u00bb0&Prime; global_colors_info=\u00a0\u00bb{}\u00a0\u00bb custom_margin=\u00a0\u00bb0px||0px||false|false\u00a0\u00bb module_alignment=\u00a0\u00bbleft\u00a0\u00bb sticky_enabled=\u00a0\u00bb0&Prime;]<\/p>\n<p><strong>Intervention d\u2019une \u00e9quipe de 2 jardiniers experts pendant une journ\u00e9e compl\u00e8te<\/strong><\/p>\n<p>Dans cette formule vous \u00eates le chef d&rsquo;\u00e9quipe\u2026 Vous avez \u00e0 votre disposition 2 vrais jardiniers motiv\u00e9s, avec leur mat\u00e9riel professionnel, qui vont jardiner pour vous une journ\u00e9e compl\u00e8te. Vous choisissez les travaux \u00e0 faire en priorit\u00e9, En cas d\u2019h\u00e9sitation, Vous pouvez demander leurs avis !<\/p>\n<p>Avant l\u2019intervention, de nous envoyer un mail ou de nous t\u00e9l\u00e9phoner, pour indiquer les travaux que vous pr\u00e9voyez, et que nos jardiniers apportent le mat\u00e9riel adapt\u00e9.<br \/>Travaux possibles :<\/p>\n<ul>\n<li>Entretien classique de jardin<\/li>\n<li>Binage, d\u00e9sherbage des plates-bandes.<\/li>\n<li>B\u00eachage<\/li>\n<li>Taille des haies<\/li>\n<li>Tailles des arbustes<\/li>\n<li>Soins aux v\u00e9g\u00e9taux<\/li>\n<li>Tontes de pelouses<\/li>\n<li>Scarification du gazon<\/li>\n<li>Nettoyage des all\u00e9es et terrasses<\/li>\n<li>Arrosage<\/li>\n<\/ul>\n<p>Cerise sur le g\u00e2teau, en fin de journ\u00e9e, ils embarquent vos d\u00e9chets de jardin !(dans la limite d\u2019un chargement de benne)<\/p>\n<p><strong>Tarif 768 \u20ac TTC frais de d\u00e9placement inclus. Vous b\u00e9n\u00e9ficiez d\u2019un avantage fiscal de 384 \u20ac, soit un co\u00fbt r\u00e9el pour vous de 384\u20ac.<\/strong><\/p>\n<p>[\/et_pb_text][\/et_pb_column][\/et_pb_row][\/et_pb_section][et_pb_section fb_built=\u00a0\u00bb1&Prime; _builder_version=\u00a0\u00bb4.27.5&Prime; _module_preset=\u00a0\u00bbdefault\u00a0\u00bb custom_padding=\u00a0\u00bb2px|||||\u00a0\u00bb global_colors_info=\u00a0\u00bb{}\u00a0\u00bb][et_pb_row column_structure=\u00a0\u00bb1_2,1_2&Prime; _builder_version=\u00a0\u00bb4.27.5&Prime; _module_preset=\u00a0\u00bbdefault\u00a0\u00bb global_colors_info=\u00a0\u00bb{}\u00a0\u00bb][et_pb_column type=\u00a0\u00bb1_2&Prime; _builder_version=\u00a0\u00bb4.27.5&Prime; _module_preset=\u00a0\u00bbdefault\u00a0\u00bb global_colors_info=\u00a0\u00bb{}\u00a0\u00bb][et_pb_image src=\u00a0\u00bbhttps:\/\/jardinsprives-cotedopale.fr\/wp-content\/uploads\/2026\/03\/29290854_s.jpg\u00a0\u00bb title_text=\u00a0\u00bbProfessional gardener using chainsaw\u00a0\u00bb _builder_version=\u00a0\u00bb4.27.5&Prime; _module_preset=\u00a0\u00bbdefault\u00a0\u00bb global_colors_info=\u00a0\u00bb{}\u00a0\u00bb][\/et_pb_image][et_pb_image src=\u00a0\u00bbhttps:\/\/jardinsprives-cotedopale.fr\/wp-content\/uploads\/2026\/03\/taille-haie-buis.jpg\u00a0\u00bb title_text=\u00a0\u00bbtaille-haie-buis\u00a0\u00bb _builder_version=\u00a0\u00bb4.27.5&Prime; _module_preset=\u00a0\u00bbdefault\u00a0\u00bb global_colors_info=\u00a0\u00bb{}\u00a0\u00bb][\/et_pb_image][\/et_pb_column][et_pb_column type=\u00a0\u00bb1_2&Prime; _builder_version=\u00a0\u00bb4.27.5&Prime; _module_preset=\u00a0\u00bbdefault\u00a0\u00bb global_colors_info=\u00a0\u00bb{}\u00a0\u00bb][et_pb_text _builder_version=\u00a0\u00bb4.27.5&Prime; _module_preset=\u00a0\u00bb003e9429-8e11-4d9e-968b-8881092bbf81&Prime; header_2_font=\u00a0\u00bb&#8211;et_global_heading_font||||||||\u00a0\u00bb header_2_text_color=\u00a0\u00bb#000000&Prime; header_2_font_size=\u00a0\u00bb40px\u00a0\u00bb header_2_line_height=\u00a0\u00bb1.3em\u00a0\u00bb custom_margin=\u00a0\u00bb||10px||false|false\u00a0\u00bb header_2_font_size_tablet=\u00a0\u00bb32px\u00a0\u00bb header_2_font_size_phone=\u00a0\u00bb18px\u00a0\u00bb header_2_font_size_last_edited=\u00a0\u00bbon|desktop\u00a0\u00bb header_2_line_height_tablet=\u00a0\u00bb1.2em\u00a0\u00bb header_2_line_height_phone=\u00a0\u00bb1.2em\u00a0\u00bb header_2_line_height_last_edited=\u00a0\u00bboff|desktop\u00a0\u00bb saved_tabs=\u00a0\u00bball\u00a0\u00bb locked=\u00a0\u00bboff\u00a0\u00bb global_colors_info=\u00a0\u00bb{}\u00a0\u00bb]<\/p>\n<h2>Op\u00e9ration taille XXXL<\/h2>\n<p>[\/et_pb_text][et_pb_text _builder_version=\u00a0\u00bb4.27.6&Prime; _module_preset=\u00a0\u00bbdefault\u00a0\u00bb text_font=\u00a0\u00bb&#8211;et_global_body_font||||||||\u00a0\u00bb text_text_color=\u00a0\u00bb#000000&Prime; text_font_size=\u00a0\u00bb18px\u00a0\u00bb hover_enabled=\u00a0\u00bb0&Prime; global_colors_info=\u00a0\u00bb{}\u00a0\u00bb sticky_enabled=\u00a0\u00bb0&Prime;]<\/p>\n<p><strong>Une \u00e9quipe de 3 jardiniers experts intervient chez vous pendant une demi-journ\u00e9e.<br \/><\/strong>Dans cette formule nous allons en priorit\u00e9 mettre l\u2019accent sur les tailles \u00e0 op\u00e9rer dans votre jardin. Des rosiers aux arbustes en passant par les haies, ce sont 3 jardiniers experts qui vont intervenir dans votre jardin pendant une demi journ\u00e9e. La taille produit beaucoup de d\u00e9chets, nous avons pr\u00e9vu, si les acc\u00e8s le permettent, d\u2019utiliser un broyeur de branches professionnel pour optimiser notre intervention.<\/p>\n<p>Bien sur nous \u00e9vacuons les d\u00e9chets, ou, si ils sont broy\u00e9s, vous pouvez les utiliser pour pailler votre jardin.<\/p>\n<p><strong>Tarif 588\u20ac frais de d\u00e9placement inclus. Vous b\u00e9n\u00e9ficiez d\u2019un avantage fiscal de 294 \u20ac, soit un co\u00fbt r\u00e9el pour vous de 294\u20ac.<br \/><\/strong><\/p>\n<p>[\/et_pb_text][et_pb_image src=\u00a0\u00bbhttps:\/\/jardinsprives-cotedopale.fr\/wp-content\/uploads\/2026\/03\/SAP.gif\u00a0\u00bb _builder_version=\u00a0\u00bb4.27.6&Prime; _module_preset=\u00a0\u00bbdefault\u00a0\u00bb alt=\u00a0\u00bbservice a la personne\u00a0\u00bb title_text=\u00a0\u00bbSAP\u00a0\u00bb max_height=\u00a0\u00bb201px\u00a0\u00bb hover_enabled=\u00a0\u00bb0&Prime; sticky_enabled=\u00a0\u00bb0&Prime;][\/et_pb_image][\/et_pb_column][\/et_pb_row][\/et_pb_section]<\/p>\n","protected":false},"excerpt":{"rendered":"<p>Formules tout comprisUn bon coup de mainUn jardinier expert vient vous aider dans votre jardin pendant une journ\u00e9e compl\u00e8te. Vous aimez jardiner, mais il y a bon nombre de travaux qui n\u00e9cessitent 2 bons bras suppl\u00e9mentaires, du courage et du savoir-faire. Pendant une journ\u00e9e compl\u00e8te, un bon jardinier vous apporte ses bras et ses lumi\u00e8res, [&hellip;]<\/p>\n","protected":false},"author":1,"featured_media":0,"parent":0,"menu_order":0,"comment_status":"closed","ping_status":"closed","template":"","meta":{"_et_pb_use_builder":"on","_et_pb_old_content":"","_et_gb_content_width":"","footnotes":""},"class_list":["post-11","page","type-page","status-publish","hentry"],"yoast_head":"<!-- This site is optimized with the Yoast SEO plugin v27.4 - https:\/\/yoast.com\/product\/yoast-seo-wordpress\/ -->\n<title>Formules - Jardins priv\u00e9s - C\u00f4te d&#039;Opale<\/title>\n<meta name=\"robots\" content=\"index, follow, max-snippet:-1, max-image-preview:large, max-video-preview:-1\" \/>\n<link rel=\"canonical\" href=\"https:\/\/jardinsprives-cotedopale.fr\/formules\/\" \/>\n<meta property=\"og:locale\" content=\"fr_FR\" \/>\n<meta property=\"og:type\" content=\"article\" \/>\n<meta property=\"og:title\" content=\"Formules - Jardins priv\u00e9s - C\u00f4te d&#039;Opale\" \/>\n<meta property=\"og:description\" content=\"Formules tout comprisUn bon coup de mainUn jardinier expert vient vous aider dans votre jardin pendant une journ\u00e9e compl\u00e8te. Vous aimez jardiner, mais il y a bon nombre de travaux qui n\u00e9cessitent 2 bons bras suppl\u00e9mentaires, du courage et du savoir-faire. Pendant une journ\u00e9e compl\u00e8te, un bon jardinier vous apporte ses bras et ses lumi\u00e8res, [&hellip;]\" \/>\n<meta property=\"og:url\" content=\"https:\/\/jardinsprives-cotedopale.fr\/formules\/\" \/>\n<meta property=\"og:site_name\" content=\"Jardins priv\u00e9s - C\u00f4te d&#039;Opale\" \/>\n<meta property=\"article:modified_time\" content=\"2026-03-30T13:55:11+00:00\" \/>\n<meta name=\"twitter:card\" content=\"summary_large_image\" \/>\n<meta name=\"twitter:label1\" content=\"Dur\u00e9e de lecture estim\u00e9e\" \/>\n\t<meta name=\"twitter:data1\" content=\"7 minutes\" \/>\n<script type=\"application\/ld+json\" class=\"yoast-schema-graph\">{\"@context\":\"https:\\\/\\\/schema.org\",\"@graph\":[{\"@type\":\"WebPage\",\"@id\":\"https:\\\/\\\/jardinsprives-cotedopale.fr\\\/formules\\\/\",\"url\":\"https:\\\/\\\/jardinsprives-cotedopale.fr\\\/formules\\\/\",\"name\":\"Formules - Jardins priv\u00e9s - C\u00f4te d&#039;Opale\",\"isPartOf\":{\"@id\":\"https:\\\/\\\/jardinsprives-cotedopale.fr\\\/#website\"},\"datePublished\":\"2026-02-09T21:25:33+00:00\",\"dateModified\":\"2026-03-30T13:55:11+00:00\",\"breadcrumb\":{\"@id\":\"https:\\\/\\\/jardinsprives-cotedopale.fr\\\/formules\\\/#breadcrumb\"},\"inLanguage\":\"fr-FR\",\"potentialAction\":[{\"@type\":\"ReadAction\",\"target\":[\"https:\\\/\\\/jardinsprives-cotedopale.fr\\\/formules\\\/\"]}]},{\"@type\":\"BreadcrumbList\",\"@id\":\"https:\\\/\\\/jardinsprives-cotedopale.fr\\\/formules\\\/#breadcrumb\",\"itemListElement\":[{\"@type\":\"ListItem\",\"position\":1,\"name\":\"Accueil\",\"item\":\"https:\\\/\\\/jardinsprives-cotedopale.fr\\\/\"},{\"@type\":\"ListItem\",\"position\":2,\"name\":\"Formules\"}]},{\"@type\":\"WebSite\",\"@id\":\"https:\\\/\\\/jardinsprives-cotedopale.fr\\\/#website\",\"url\":\"https:\\\/\\\/jardinsprives-cotedopale.fr\\\/\",\"name\":\"Jardins priv\u00e9s - C\u00f4te d&#039;Opale\",\"description\":\"Cr\u00e9ation Entretien Elagage Cl\u00f4ture Service \u00e0 la personne\",\"potentialAction\":[{\"@type\":\"SearchAction\",\"target\":{\"@type\":\"EntryPoint\",\"urlTemplate\":\"https:\\\/\\\/jardinsprives-cotedopale.fr\\\/?s={search_term_string}\"},\"query-input\":{\"@type\":\"PropertyValueSpecification\",\"valueRequired\":true,\"valueName\":\"search_term_string\"}}],\"inLanguage\":\"fr-FR\"}]}<\/script>\n<!-- \/ Yoast SEO plugin. -->","yoast_head_json":{"title":"Formules - Jardins priv\u00e9s - C\u00f4te d&#039;Opale","robots":{"index":"index","follow":"follow","max-snippet":"max-snippet:-1","max-image-preview":"max-image-preview:large","max-video-preview":"max-video-preview:-1"},"canonical":"https:\/\/jardinsprives-cotedopale.fr\/formules\/","og_locale":"fr_FR","og_type":"article","og_title":"Formules - Jardins priv\u00e9s - C\u00f4te d&#039;Opale","og_description":"Formules tout comprisUn bon coup de mainUn jardinier expert vient vous aider dans votre jardin pendant une journ\u00e9e compl\u00e8te. Vous aimez jardiner, mais il y a bon nombre de travaux qui n\u00e9cessitent 2 bons bras suppl\u00e9mentaires, du courage et du savoir-faire. Pendant une journ\u00e9e compl\u00e8te, un bon jardinier vous apporte ses bras et ses lumi\u00e8res, [&hellip;]","og_url":"https:\/\/jardinsprives-cotedopale.fr\/formules\/","og_site_name":"Jardins priv\u00e9s - C\u00f4te d&#039;Opale","article_modified_time":"2026-03-30T13:55:11+00:00","twitter_card":"summary_large_image","twitter_misc":{"Dur\u00e9e de lecture estim\u00e9e":"7 minutes"},"schema":{"@context":"https:\/\/schema.org","@graph":[{"@type":"WebPage","@id":"https:\/\/jardinsprives-cotedopale.fr\/formules\/","url":"https:\/\/jardinsprives-cotedopale.fr\/formules\/","name":"Formules - Jardins priv\u00e9s - C\u00f4te d&#039;Opale","isPartOf":{"@id":"https:\/\/jardinsprives-cotedopale.fr\/#website"},"datePublished":"2026-02-09T21:25:33+00:00","dateModified":"2026-03-30T13:55:11+00:00","breadcrumb":{"@id":"https:\/\/jardinsprives-cotedopale.fr\/formules\/#breadcrumb"},"inLanguage":"fr-FR","potentialAction":[{"@type":"ReadAction","target":["https:\/\/jardinsprives-cotedopale.fr\/formules\/"]}]},{"@type":"BreadcrumbList","@id":"https:\/\/jardinsprives-cotedopale.fr\/formules\/#breadcrumb","itemListElement":[{"@type":"ListItem","position":1,"name":"Accueil","item":"https:\/\/jardinsprives-cotedopale.fr\/"},{"@type":"ListItem","position":2,"name":"Formules"}]},{"@type":"WebSite","@id":"https:\/\/jardinsprives-cotedopale.fr\/#website","url":"https:\/\/jardinsprives-cotedopale.fr\/","name":"Jardins priv\u00e9s - C\u00f4te d&#039;Opale","description":"Cr\u00e9ation Entretien Elagage Cl\u00f4ture Service \u00e0 la personne","potentialAction":[{"@type":"SearchAction","target":{"@type":"EntryPoint","urlTemplate":"https:\/\/jardinsprives-cotedopale.fr\/?s={search_term_string}"},"query-input":{"@type":"PropertyValueSpecification","valueRequired":true,"valueName":"search_term_string"}}],"inLanguage":"fr-FR"}]}},"_links":{"self":[{"href":"https:\/\/jardinsprives-cotedopale.fr\/wp-json\/wp\/v2\/pages\/11","targetHints":{"allow":["GET"]}}],"collection":[{"href":"https:\/\/jardinsprives-cotedopale.fr\/wp-json\/wp\/v2\/pages"}],"about":[{"href":"https:\/\/jardinsprives-cotedopale.fr\/wp-json\/wp\/v2\/types\/page"}],"author":[{"embeddable":true,"href":"https:\/\/jardinsprives-cotedopale.fr\/wp-json\/wp\/v2\/users\/1"}],"replies":[{"embeddable":true,"href":"https:\/\/jardinsprives-cotedopale.fr\/wp-json\/wp\/v2\/comments?post=11"}],"version-history":[{"count":38,"href":"https:\/\/jardinsprives-cotedopale.fr\/wp-json\/wp\/v2\/pages\/11\/revisions"}],"predecessor-version":[{"id":1423,"href":"https:\/\/jardinsprives-cotedopale.fr\/wp-json\/wp\/v2\/pages\/11\/revisions\/1423"}],"wp:attachment":[{"href":"https:\/\/jardinsprives-cotedopale.fr\/wp-json\/wp\/v2\/media?parent=11"}],"curies":[{"name":"wp","href":"https:\/\/api.w.org\/{rel}","templated":true}]}}