{"id":13,"date":"2026-02-09T21:26:11","date_gmt":"2026-02-09T21:26:11","guid":{"rendered":"https:\/\/jardinsprives-cotedopale.fr\/?page_id=13"},"modified":"2026-03-27T16:21:11","modified_gmt":"2026-03-27T16:21:11","slug":"service-a-la-personne","status":"publish","type":"page","link":"https:\/\/jardinsprives-cotedopale.fr\/service-a-la-personne\/","title":{"rendered":"Service \u00e0 la personne"},"content":{"rendered":"<p>[et_pb_section fb_built=\u00a0\u00bb1&Prime; module_id=\u00a0\u00bbsap\u00a0\u00bb _builder_version=\u00a0\u00bb4.27.5&Prime; _module_preset=\u00a0\u00bbdefault\u00a0\u00bb custom_padding=\u00a0\u00bb||0px|||\u00a0\u00bb global_colors_info=\u00a0\u00bb{}\u00a0\u00bb][et_pb_row column_structure=\u00a0\u00bb1_2,1_2&Prime; disabled_on=\u00a0\u00bboff|off|off\u00a0\u00bb _builder_version=\u00a0\u00bb4.27.5&Prime; _module_preset=\u00a0\u00bbdefault\u00a0\u00bb global_colors_info=\u00a0\u00bb{}\u00a0\u00bb][et_pb_column type=\u00a0\u00bb1_2&Prime; _builder_version=\u00a0\u00bb4.27.5&Prime; _module_preset=\u00a0\u00bbdefault\u00a0\u00bb global_colors_info=\u00a0\u00bb{}\u00a0\u00bb][et_pb_image src=\u00a0\u00bbhttps:\/\/jardinsprives-cotedopale.fr\/wp-content\/uploads\/2026\/03\/tonte-pelouse.jpg\u00a0\u00bb title_text=\u00a0\u00bbtonte-pelouse\u00a0\u00bb disabled_on=\u00a0\u00bbon|on|off\u00a0\u00bb _builder_version=\u00a0\u00bb4.27.5&Prime; _module_preset=\u00a0\u00bbdefault\u00a0\u00bb global_colors_info=\u00a0\u00bb{}\u00a0\u00bb][\/et_pb_image][et_pb_image src=\u00a0\u00bbhttps:\/\/jardinsprives-cotedopale.fr\/wp-content\/uploads\/2026\/03\/placard-sap-lille-1.gif\u00a0\u00bb _builder_version=\u00a0\u00bb4.27.6&Prime; _module_preset=\u00a0\u00bbdefault\u00a0\u00bb title_text=\u00a0\u00bbplacard-sap-lille\u00a0\u00bb hover_enabled=\u00a0\u00bb0&Prime; sticky_enabled=\u00a0\u00bb0&Prime;][\/et_pb_image][et_pb_text _builder_version=\u00a0\u00bb4.27.6&Prime; _module_preset=\u00a0\u00bbdefault\u00a0\u00bb text_text_color=\u00a0\u00bb#000000&Prime; text_font_size=\u00a0\u00bb17px\u00a0\u00bb text_line_height=\u00a0\u00bb1.8em\u00a0\u00bb header_2_font=\u00a0\u00bb&#8211;et_global_heading_font||||||||\u00a0\u00bb header_2_font_size=\u00a0\u00bb29px\u00a0\u00bb custom_padding=\u00a0\u00bb||0px|||\u00a0\u00bb global_colors_info=\u00a0\u00bb{}\u00a0\u00bb]<\/p>\n<h2>Payez uniquement la moiti\u00e9 de votre facture gr\u00e2ce \u00e0 l&rsquo;Avance imm\u00e9diate !<\/h2>\n<p>L\u2019Avance imm\u00e9diate est un service optionnel, gratuit et 100% num\u00e9rique propos\u00e9 par l\u2019Urssaf, qui permet de b\u00e9n\u00e9ficier en temps r\u00e9el du cr\u00e9dit d\u2019imp\u00f4t*. Vous d\u00e9pensez 200\u20ac pour une prestation de services \u00e0 la personne : l\u2019Urssaf pr\u00e9l\u00e8ve uniquement les 100 \u20ac de reste \u00e0 charge. C\u2019est plus de pouvoir d\u2019achat pour vous et votre famille, tout de suite !<br \/>Notre coop\u00e9rative Acc\u00e8s SAP s\u2019occupe de tout pour vous : de votre inscription au service jusqu\u2019au traitement des demandes de paiement.<\/p>\n<p>[\/et_pb_text][\/et_pb_column][et_pb_column type=\u00a0\u00bb1_2&Prime; _builder_version=\u00a0\u00bb4.27.5&Prime; _module_preset=\u00a0\u00bbdefault\u00a0\u00bb global_colors_info=\u00a0\u00bb{}\u00a0\u00bb][et_pb_text _builder_version=\u00a0\u00bb4.27.6&Prime; _module_preset=\u00a0\u00bb003e9429-8e11-4d9e-968b-8881092bbf81&Prime; header_2_font=\u00a0\u00bb&#8211;et_global_heading_font||||||||\u00a0\u00bb header_2_text_align=\u00a0\u00bbleft\u00a0\u00bb header_2_text_color=\u00a0\u00bb#000000&Prime; header_2_font_size=\u00a0\u00bb50px\u00a0\u00bb header_2_line_height=\u00a0\u00bb1.3em\u00a0\u00bb custom_margin=\u00a0\u00bb||10px||false|false\u00a0\u00bb header_2_font_size_tablet=\u00a0\u00bb32px\u00a0\u00bb header_2_font_size_phone=\u00a0\u00bb32px\u00a0\u00bb header_2_font_size_last_edited=\u00a0\u00bbon|desktop\u00a0\u00bb header_2_line_height_tablet=\u00a0\u00bb1.2em\u00a0\u00bb header_2_line_height_phone=\u00a0\u00bb1.2em\u00a0\u00bb header_2_line_height_last_edited=\u00a0\u00bboff|desktop\u00a0\u00bb locked=\u00a0\u00bboff\u00a0\u00bb global_colors_info=\u00a0\u00bb{}\u00a0\u00bb]<\/p>\n<h2>Service \u00e0 la personne<\/h2>\n<p>[\/et_pb_text][et_pb_text _builder_version=\u00a0\u00bb4.27.6&Prime; _module_preset=\u00a0\u00bb7262e956-c376-4aa6-9642-c413f71527d0&Prime; text_font=\u00a0\u00bb&#8211;et_global_body_font||||||||\u00a0\u00bb text_text_color=\u00a0\u00bb#000000&Prime; text_font_size=\u00a0\u00bb20px\u00a0\u00bb text_line_height=\u00a0\u00bb1.8em\u00a0\u00bb header_2_font=\u00a0\u00bb&#8211;et_global_body_font||||||||\u00a0\u00bb text_font_size_tablet=\u00a0\u00bb\u00a0\u00bb text_font_size_phone=\u00a0\u00bb13px\u00a0\u00bb text_font_size_last_edited=\u00a0\u00bbon|phone\u00a0\u00bb header_font_size_tablet=\u00a0\u00bb55px\u00a0\u00bb header_font_size_last_edited=\u00a0\u00bboff|desktop\u00a0\u00bb locked=\u00a0\u00bboff\u00a0\u00bb global_colors_info=\u00a0\u00bb{}\u00a0\u00bb]<\/p>\n<p>Petits travaux de jardinage<\/p>\n<p><span style=\"font-size: large;\"><strong>AVEC NOTRE ENTREPRISE, <\/strong><\/span><span style=\"font-size: large;\"><strong>B\u00c9N\u00c9FICIEZ DE 50%* <\/strong><\/span><\/p>\n<h2 class=\"animated\"><span style=\"font-size: large;\"><strong>DE <\/strong><\/span><span style=\"font-size: large;\"><strong>CR\u00c9DIT D\u2019IMP\u00d4T !<\/strong><\/span><\/h2>\n<p class=\"animated\">Profitez de cet avantage fiscal, \u00e9gal \u00e0 50% de vos d\u00e9penses engag\u00e9es dans l\u2019ann\u00e9e sur l&rsquo;ensemble de nos prestations de services \u00e9ligibles*.<\/p>\n<p>[\/et_pb_text][et_pb_text _builder_version=\u00a0\u00bb4.27.6&Prime; _module_preset=\u00a0\u00bbdefault\u00a0\u00bb text_font=\u00a0\u00bb&#8211;et_global_body_font||||||||\u00a0\u00bb text_font_size=\u00a0\u00bb18px\u00a0\u00bb header_3_font=\u00a0\u00bb&#8211;et_global_body_font||||||||\u00a0\u00bb custom_padding=\u00a0\u00bb||0px|||\u00a0\u00bb hover_enabled=\u00a0\u00bb0&Prime; global_colors_info=\u00a0\u00bb{}\u00a0\u00bb sticky_enabled=\u00a0\u00bb0&Prime; text_text_color=\u00a0\u00bb#000000&Prime;]<\/p>\n<p><strong>L\u2019avantage fiscal li\u00e9 aux petits travaux de jardinage<\/strong><\/p>\n<p><strong>Qui peut b\u00e9n\u00e9ficier du cr\u00e9dit d\u2019imp\u00f4t relatif au petit jardinage\u00a0?<\/strong><\/p>\n<p>Tous les particuliers qui d\u00e9clarent leurs imp\u00f4ts en France, qu\u2019ils en paient ou non, peuvent b\u00e9n\u00e9ficier de l\u2019avantage fiscal li\u00e9 aux petits travaux de jardinage.<\/p>\n<p>Vous pouvez profiter du cr\u00e9dit d\u2019imp\u00f4t des services \u00e0 la personne aussi bien pour les prestations r\u00e9alis\u00e9es \u00e0 votre domicile (r\u00e9sidence principale) que dans votre r\u00e9sidence secondaire. Ce dernier peut \u00eatre plusieurs formes :<\/p>\n<ul>\n<li>Si vous payez des imp\u00f4ts, vous b\u00e9n\u00e9ficierez de l\u2019avantage fiscal des petits travaux de jardinage sous forme de cr\u00e9dit d\u2019imp\u00f4t, c\u2019est-\u00e0-dire que le montant du cr\u00e9dit d\u2019imp\u00f4t sera automatiquement d\u00e9duit du montant d\u00fb aux imp\u00f4ts.<\/li>\n<li>Si vous ne payez pas d\u2019imp\u00f4ts, vous b\u00e9n\u00e9ficierez de l\u2019avantage fiscal sous forme de remboursement du Tr\u00e9sor Public.<\/li>\n<\/ul>\n<p><span style=\"font-size: large;\"><strong>\u00a0<span style=\"color: #000000;\">Prestations \u00e9ligibles<\/span><\/strong><\/span><\/p>\n<p><span style=\"color: #000000;\">Exemples de prestations de services \u00e0 la personne : Tonte et scarification de pelouse, entretien des massifs, taille des arbres, des arbustes et des haies, ..<\/span><\/p>\n<h3><strong><span style=\"color: #000000; font-size: large;\">Plafond des d\u00e9penses<\/span><\/strong><\/h3>\n<p><span style=\"color: #000000;\">Le plafond des d\u00e9penses ouvrant droit au cr\u00e9dit d\u2019imp\u00f4t pour des petits travaux de jardinage s&rsquo;\u00e9l\u00e8ve \u00e0 5 000 \u20ac TTC par an et par foyer fiscal, soit 2 500 \u20ac de cr\u00e9dit d&rsquo;imp\u00f4t.<\/span><\/p>\n<p>[\/et_pb_text][et_pb_text _builder_version=\u00a0\u00bb4.27.6&Prime; _module_preset=\u00a0\u00bbdefault\u00a0\u00bb text_font=\u00a0\u00bb&#8211;et_global_body_font||||||||\u00a0\u00bb text_text_color=\u00a0\u00bb#000000&Prime; text_font_size=\u00a0\u00bb16px\u00a0\u00bb header_2_font=\u00a0\u00bb&#8211;et_global_heading_font||||||||\u00a0\u00bb header_2_font_size=\u00a0\u00bb34px\u00a0\u00bb custom_padding=\u00a0\u00bb||11px|||\u00a0\u00bb global_colors_info=\u00a0\u00bb{}\u00a0\u00bb][\/et_pb_text][\/et_pb_column][\/et_pb_row][\/et_pb_section][et_pb_section fb_built=\u00a0\u00bb1&Prime; _builder_version=\u00a0\u00bb4.27.5&Prime; _module_preset=\u00a0\u00bbdefault\u00a0\u00bb custom_padding=\u00a0\u00bb0px|||||\u00a0\u00bb global_colors_info=\u00a0\u00bb{}\u00a0\u00bb][et_pb_row column_structure=\u00a0\u00bb1_2,1_2&Prime; _builder_version=\u00a0\u00bb4.27.5&Prime; _module_preset=\u00a0\u00bbdefault\u00a0\u00bb global_colors_info=\u00a0\u00bb{}\u00a0\u00bb][et_pb_column type=\u00a0\u00bb1_2&Prime; _builder_version=\u00a0\u00bb4.27.5&Prime; _module_preset=\u00a0\u00bbdefault\u00a0\u00bb global_colors_info=\u00a0\u00bb{}\u00a0\u00bb][et_pb_image src=\u00a0\u00bbhttps:\/\/jardinsprives-cotedopale.fr\/wp-content\/uploads\/2026\/03\/LOGO_ACCES-SAP-2023.jpg\u00a0\u00bb title_text=\u00a0\u00bbLOGO_ACCE\u0300S-SAP-2023&Prime; _builder_version=\u00a0\u00bb4.27.5&Prime; _module_preset=\u00a0\u00bbdefault\u00a0\u00bb global_colors_info=\u00a0\u00bb{}\u00a0\u00bb][\/et_pb_image][\/et_pb_column][et_pb_column type=\u00a0\u00bb1_2&Prime; _builder_version=\u00a0\u00bb4.27.5&Prime; _module_preset=\u00a0\u00bbdefault\u00a0\u00bb global_colors_info=\u00a0\u00bb{}\u00a0\u00bb][et_pb_text _builder_version=\u00a0\u00bb4.27.6&Prime; _module_preset=\u00a0\u00bbdefault\u00a0\u00bb text_font=\u00a0\u00bb&#8211;et_global_body_font||||||||\u00a0\u00bb text_text_color=\u00a0\u00bb#000000&Prime; text_font_size=\u00a0\u00bb17px\u00a0\u00bb hover_enabled=\u00a0\u00bb0&Prime; global_colors_info=\u00a0\u00bb{}\u00a0\u00bb sticky_enabled=\u00a0\u00bb0&Prime;]<\/p>\n<p>Depuis sa cr\u00e9ation, <strong>JARDINS PRIV\u00c9S C\u00d4TE D&rsquo;OPALE adh\u00e8re\u00a0\u00e0 la coop\u00e9rative ACC\u00c8S SAP.<\/strong> <strong>ACC\u00c8S SAP,\u00a0 premi\u00e8re coop\u00e9rative de services \u00e0 la personne de France est pour vous la garantie du respect de la r\u00e9glementation fiscale et du b\u00e9n\u00e9fice des avantages fiscaux,<\/strong><\/p>\n<p>ACC\u00c8S SAP\u00a0 vous envoie la facture \u00e0 l\u2019issue de notre prestation. C\u2019est \u00e9galement ACC\u00c8S SAP que vous payez. ACC\u00c8S SAP est agr\u00e9\u00e9e au titre du service \u00e0 la personne, vous n\u2019avez aucune d\u00e9marche particuli\u00e8re \u00e0 effectuer. <strong>ACC\u00c8S SAP vous adresse votre attestation fiscale pour b\u00e9n\u00e9ficier des avantages fiscaux.<\/strong> Pas besoin de vous procurer des CESU ou des ch\u00e8ques emploi service.<\/p>\n<p>[\/et_pb_text][\/et_pb_column][\/et_pb_row][\/et_pb_section]<\/p>\n","protected":false},"excerpt":{"rendered":"<p>Payez uniquement la moiti\u00e9 de votre facture gr\u00e2ce \u00e0 l&rsquo;Avance imm\u00e9diate ! L\u2019Avance imm\u00e9diate est un service optionnel, gratuit et 100% num\u00e9rique propos\u00e9 par l\u2019Urssaf, qui permet de b\u00e9n\u00e9ficier en temps r\u00e9el du cr\u00e9dit d\u2019imp\u00f4t*. Vous d\u00e9pensez 200\u20ac pour une prestation de services \u00e0 la personne : l\u2019Urssaf pr\u00e9l\u00e8ve uniquement les 100 \u20ac de reste [&hellip;]<\/p>\n","protected":false},"author":1,"featured_media":0,"parent":0,"menu_order":0,"comment_status":"closed","ping_status":"closed","template":"","meta":{"_et_pb_use_builder":"on","_et_pb_old_content":"","_et_gb_content_width":"","footnotes":""},"class_list":["post-13","page","type-page","status-publish","hentry"],"yoast_head":"<!-- This site is optimized with the Yoast SEO plugin v27.4 - https:\/\/yoast.com\/product\/yoast-seo-wordpress\/ -->\n<title>Service \u00e0 la personne - Jardins priv\u00e9s - C\u00f4te d&#039;Opale<\/title>\n<meta name=\"robots\" content=\"index, follow, max-snippet:-1, max-image-preview:large, max-video-preview:-1\" \/>\n<link rel=\"canonical\" href=\"https:\/\/jardinsprives-cotedopale.fr\/service-a-la-personne\/\" \/>\n<meta property=\"og:locale\" content=\"fr_FR\" \/>\n<meta property=\"og:type\" content=\"article\" \/>\n<meta property=\"og:title\" content=\"Service \u00e0 la personne - Jardins priv\u00e9s - C\u00f4te d&#039;Opale\" \/>\n<meta property=\"og:description\" content=\"Payez uniquement la moiti\u00e9 de votre facture gr\u00e2ce \u00e0 l&#039;Avance imm\u00e9diate ! L\u2019Avance imm\u00e9diate est un service optionnel, gratuit et 100% num\u00e9rique propos\u00e9 par l\u2019Urssaf, qui permet de b\u00e9n\u00e9ficier en temps r\u00e9el du cr\u00e9dit d\u2019imp\u00f4t*. Vous d\u00e9pensez 200\u20ac pour une prestation de services \u00e0 la personne : l\u2019Urssaf pr\u00e9l\u00e8ve uniquement les 100 \u20ac de reste [&hellip;]\" \/>\n<meta property=\"og:url\" content=\"https:\/\/jardinsprives-cotedopale.fr\/service-a-la-personne\/\" \/>\n<meta property=\"og:site_name\" content=\"Jardins priv\u00e9s - C\u00f4te d&#039;Opale\" \/>\n<meta property=\"article:modified_time\" content=\"2026-03-27T16:21:11+00:00\" \/>\n<meta name=\"twitter:card\" content=\"summary_large_image\" \/>\n<meta name=\"twitter:label1\" content=\"Dur\u00e9e de lecture estim\u00e9e\" \/>\n\t<meta name=\"twitter:data1\" content=\"5 minutes\" \/>\n<script type=\"application\/ld+json\" class=\"yoast-schema-graph\">{\"@context\":\"https:\\\/\\\/schema.org\",\"@graph\":[{\"@type\":\"WebPage\",\"@id\":\"https:\\\/\\\/jardinsprives-cotedopale.fr\\\/service-a-la-personne\\\/\",\"url\":\"https:\\\/\\\/jardinsprives-cotedopale.fr\\\/service-a-la-personne\\\/\",\"name\":\"Service \u00e0 la personne - Jardins priv\u00e9s - C\u00f4te d&#039;Opale\",\"isPartOf\":{\"@id\":\"https:\\\/\\\/jardinsprives-cotedopale.fr\\\/#website\"},\"datePublished\":\"2026-02-09T21:26:11+00:00\",\"dateModified\":\"2026-03-27T16:21:11+00:00\",\"breadcrumb\":{\"@id\":\"https:\\\/\\\/jardinsprives-cotedopale.fr\\\/service-a-la-personne\\\/#breadcrumb\"},\"inLanguage\":\"fr-FR\",\"potentialAction\":[{\"@type\":\"ReadAction\",\"target\":[\"https:\\\/\\\/jardinsprives-cotedopale.fr\\\/service-a-la-personne\\\/\"]}]},{\"@type\":\"BreadcrumbList\",\"@id\":\"https:\\\/\\\/jardinsprives-cotedopale.fr\\\/service-a-la-personne\\\/#breadcrumb\",\"itemListElement\":[{\"@type\":\"ListItem\",\"position\":1,\"name\":\"Accueil\",\"item\":\"https:\\\/\\\/jardinsprives-cotedopale.fr\\\/\"},{\"@type\":\"ListItem\",\"position\":2,\"name\":\"Service \u00e0 la personne\"}]},{\"@type\":\"WebSite\",\"@id\":\"https:\\\/\\\/jardinsprives-cotedopale.fr\\\/#website\",\"url\":\"https:\\\/\\\/jardinsprives-cotedopale.fr\\\/\",\"name\":\"Jardins priv\u00e9s - C\u00f4te d&#039;Opale\",\"description\":\"Cr\u00e9ation Entretien Elagage Cl\u00f4ture Service \u00e0 la personne\",\"potentialAction\":[{\"@type\":\"SearchAction\",\"target\":{\"@type\":\"EntryPoint\",\"urlTemplate\":\"https:\\\/\\\/jardinsprives-cotedopale.fr\\\/?s={search_term_string}\"},\"query-input\":{\"@type\":\"PropertyValueSpecification\",\"valueRequired\":true,\"valueName\":\"search_term_string\"}}],\"inLanguage\":\"fr-FR\"}]}<\/script>\n<!-- \/ Yoast SEO plugin. -->","yoast_head_json":{"title":"Service \u00e0 la personne - Jardins priv\u00e9s - C\u00f4te d&#039;Opale","robots":{"index":"index","follow":"follow","max-snippet":"max-snippet:-1","max-image-preview":"max-image-preview:large","max-video-preview":"max-video-preview:-1"},"canonical":"https:\/\/jardinsprives-cotedopale.fr\/service-a-la-personne\/","og_locale":"fr_FR","og_type":"article","og_title":"Service \u00e0 la personne - Jardins priv\u00e9s - C\u00f4te d&#039;Opale","og_description":"Payez uniquement la moiti\u00e9 de votre facture gr\u00e2ce \u00e0 l'Avance imm\u00e9diate ! L\u2019Avance imm\u00e9diate est un service optionnel, gratuit et 100% num\u00e9rique propos\u00e9 par l\u2019Urssaf, qui permet de b\u00e9n\u00e9ficier en temps r\u00e9el du cr\u00e9dit d\u2019imp\u00f4t*. Vous d\u00e9pensez 200\u20ac pour une prestation de services \u00e0 la personne : l\u2019Urssaf pr\u00e9l\u00e8ve uniquement les 100 \u20ac de reste [&hellip;]","og_url":"https:\/\/jardinsprives-cotedopale.fr\/service-a-la-personne\/","og_site_name":"Jardins priv\u00e9s - C\u00f4te d&#039;Opale","article_modified_time":"2026-03-27T16:21:11+00:00","twitter_card":"summary_large_image","twitter_misc":{"Dur\u00e9e de lecture estim\u00e9e":"5 minutes"},"schema":{"@context":"https:\/\/schema.org","@graph":[{"@type":"WebPage","@id":"https:\/\/jardinsprives-cotedopale.fr\/service-a-la-personne\/","url":"https:\/\/jardinsprives-cotedopale.fr\/service-a-la-personne\/","name":"Service \u00e0 la personne - Jardins priv\u00e9s - C\u00f4te d&#039;Opale","isPartOf":{"@id":"https:\/\/jardinsprives-cotedopale.fr\/#website"},"datePublished":"2026-02-09T21:26:11+00:00","dateModified":"2026-03-27T16:21:11+00:00","breadcrumb":{"@id":"https:\/\/jardinsprives-cotedopale.fr\/service-a-la-personne\/#breadcrumb"},"inLanguage":"fr-FR","potentialAction":[{"@type":"ReadAction","target":["https:\/\/jardinsprives-cotedopale.fr\/service-a-la-personne\/"]}]},{"@type":"BreadcrumbList","@id":"https:\/\/jardinsprives-cotedopale.fr\/service-a-la-personne\/#breadcrumb","itemListElement":[{"@type":"ListItem","position":1,"name":"Accueil","item":"https:\/\/jardinsprives-cotedopale.fr\/"},{"@type":"ListItem","position":2,"name":"Service \u00e0 la personne"}]},{"@type":"WebSite","@id":"https:\/\/jardinsprives-cotedopale.fr\/#website","url":"https:\/\/jardinsprives-cotedopale.fr\/","name":"Jardins priv\u00e9s - C\u00f4te d&#039;Opale","description":"Cr\u00e9ation Entretien Elagage Cl\u00f4ture Service \u00e0 la personne","potentialAction":[{"@type":"SearchAction","target":{"@type":"EntryPoint","urlTemplate":"https:\/\/jardinsprives-cotedopale.fr\/?s={search_term_string}"},"query-input":{"@type":"PropertyValueSpecification","valueRequired":true,"valueName":"search_term_string"}}],"inLanguage":"fr-FR"}]}},"_links":{"self":[{"href":"https:\/\/jardinsprives-cotedopale.fr\/wp-json\/wp\/v2\/pages\/13","targetHints":{"allow":["GET"]}}],"collection":[{"href":"https:\/\/jardinsprives-cotedopale.fr\/wp-json\/wp\/v2\/pages"}],"about":[{"href":"https:\/\/jardinsprives-cotedopale.fr\/wp-json\/wp\/v2\/types\/page"}],"author":[{"embeddable":true,"href":"https:\/\/jardinsprives-cotedopale.fr\/wp-json\/wp\/v2\/users\/1"}],"replies":[{"embeddable":true,"href":"https:\/\/jardinsprives-cotedopale.fr\/wp-json\/wp\/v2\/comments?post=13"}],"version-history":[{"count":30,"href":"https:\/\/jardinsprives-cotedopale.fr\/wp-json\/wp\/v2\/pages\/13\/revisions"}],"predecessor-version":[{"id":1281,"href":"https:\/\/jardinsprives-cotedopale.fr\/wp-json\/wp\/v2\/pages\/13\/revisions\/1281"}],"wp:attachment":[{"href":"https:\/\/jardinsprives-cotedopale.fr\/wp-json\/wp\/v2\/media?parent=13"}],"curies":[{"name":"wp","href":"https:\/\/api.w.org\/{rel}","templated":true}]}}