{"id":613,"date":"2026-03-18T19:01:05","date_gmt":"2026-03-18T19:01:05","guid":{"rendered":"https:\/\/jardinsprives-cotedopale.fr\/?page_id=613"},"modified":"2026-03-29T17:47:53","modified_gmt":"2026-03-29T17:47:53","slug":"clotures","status":"publish","type":"page","link":"https:\/\/jardinsprives-cotedopale.fr\/clotures\/","title":{"rendered":"Cl\u00f4tures"},"content":{"rendered":"<p>[et_pb_section fb_built=\u00a0\u00bb1&Prime; _builder_version=\u00a0\u00bb4.27.5&Prime; _module_preset=\u00a0\u00bbdefault\u00a0\u00bb custom_padding=\u00a0\u00bb||29px|||\u00a0\u00bb global_colors_info=\u00a0\u00bb{}\u00a0\u00bb][et_pb_row column_structure=\u00a0\u00bb1_2,1_2&Prime; _builder_version=\u00a0\u00bb4.27.5&Prime; _module_preset=\u00a0\u00bbdefault\u00a0\u00bb custom_padding=\u00a0\u00bb||3px|||\u00a0\u00bb global_colors_info=\u00a0\u00bb{}\u00a0\u00bb][et_pb_column type=\u00a0\u00bb1_2&Prime; _builder_version=\u00a0\u00bb4.27.5&Prime; _module_preset=\u00a0\u00bbdefault\u00a0\u00bb global_colors_info=\u00a0\u00bb{}\u00a0\u00bb][et_pb_text _builder_version=\u00a0\u00bb4.27.6&Prime; _module_preset=\u00a0\u00bb003e9429-8e11-4d9e-968b-8881092bbf81&Prime; header_2_font=\u00a0\u00bb&#8211;et_global_heading_font||||||||\u00a0\u00bb header_2_text_color=\u00a0\u00bb#000000&Prime; header_2_font_size=\u00a0\u00bb41px\u00a0\u00bb header_2_line_height=\u00a0\u00bb1.3em\u00a0\u00bb custom_margin=\u00a0\u00bb||10px||false|false\u00a0\u00bb header_2_font_size_tablet=\u00a0\u00bb32px\u00a0\u00bb header_2_font_size_phone=\u00a0\u00bb30px\u00a0\u00bb header_2_font_size_last_edited=\u00a0\u00bbon|desktop\u00a0\u00bb header_2_line_height_tablet=\u00a0\u00bb1.2em\u00a0\u00bb header_2_line_height_phone=\u00a0\u00bb1.2em\u00a0\u00bb header_2_line_height_last_edited=\u00a0\u00bboff|desktop\u00a0\u00bb saved_tabs=\u00a0\u00bball\u00a0\u00bb locked=\u00a0\u00bboff\u00a0\u00bb global_colors_info=\u00a0\u00bb{}\u00a0\u00bb]<\/p>\n<h2>Cl\u00f4turer son jardin<\/h2>\n<p>[\/et_pb_text][et_pb_text _builder_version=\u00a0\u00bb4.27.6&Prime; _module_preset=\u00a0\u00bbdefault\u00a0\u00bb text_font=\u00a0\u00bb&#8211;et_global_body_font||||||||\u00a0\u00bb text_text_color=\u00a0\u00bb#000000&Prime; text_font_size=\u00a0\u00bb18px\u00a0\u00bb text_line_height=\u00a0\u00bb1.8em\u00a0\u00bb custom_padding=\u00a0\u00bb||30px|||\u00a0\u00bb global_colors_info=\u00a0\u00bb{}\u00a0\u00bb]<\/p>\n<p><strong>Cl\u00f4turer son jardin, c\u2019est mixer la s\u00e9curit\u00e9, le confort et l&rsquo;esth\u00e9tique, pour profiter pleinement de son espace ext\u00e9rieur.<\/strong><\/p>\n<p><strong>La pose d\u2019une cl\u00f4ture permet de structurer votre jardin, d&rsquo;isoler certaines endroits (potager, massifs, piscine) ou encore de prot\u00e9ger la plantation d\u2019arbustes dont les bourgeons qui font le r\u00e9gal de certains gibiers au printemps.<\/strong><\/p>\n<p>Les villes de la c\u00f4te d\u2019opale peuvent avoir <strong>des r\u00e8glements<\/strong> <strong>tr\u00e8s particuliers<\/strong> quant aux <strong>mod\u00e8les et hauteur de<\/strong> <strong>cl\u00f4tures.<\/strong> Ces r\u00e8gles ont \u00e9t\u00e9 mises en place pour unifier l\u2019esth\u00e9tique architecturale. Quand on se prom\u00e8ne dans des stations comme Hardelot ou Le Touquet, il faut avouer que le r\u00e9sultat est tr\u00e8s positif. Attention, ces r\u00e8glements ne s\u2019appliquent pas \u00e0 toutes les cl\u00f4tures de votre propri\u00e9t\u00e9 : sur les limites avec vos voisins, il est souvent possible de mieux \u00ab fermer \u00bb votre jardin. Bref, si tout cela est un peu compliqu\u00e9, nous connaissons bien ces r\u00e8glements locaux et nous pourrons vous conseiller pour prot\u00e9ger votre propri\u00e9t\u00e9.<\/p>\n<p>Par exemple les <strong>haies v\u00e9g\u00e9tales<\/strong> sont beaucoup moins contraignantes sur le plan r\u00e9glementaire, et peuvent vous apporter l\u2019intimit\u00e9 que vous recherchez dans votre jardin.<\/p>\n<p>Et il y a l\u2019aspect fiscal\u00a0: En r\u00e9sum\u00e9, ce qui touche aux cl\u00f4tures et all\u00e9es peut b\u00e9n\u00e9ficier d\u2019un<strong> taux de TVA r\u00e9duit \u00e0<\/strong> <strong>10%<\/strong>. Pour en b\u00e9n\u00e9ficier quelques conditions sont \u00e0 remplir, que nous nous ferons un plaisir d\u2019\u00e9voquer avec vous.<\/p>\n<p>[\/et_pb_text][\/et_pb_column][et_pb_column type=\u00a0\u00bb1_2&Prime; _builder_version=\u00a0\u00bb4.27.5&Prime; _module_preset=\u00a0\u00bbdefault\u00a0\u00bb global_colors_info=\u00a0\u00bb{}\u00a0\u00bb][et_pb_image src=\u00a0\u00bbhttps:\/\/jardinsprives-cotedopale.fr\/wp-content\/uploads\/2026\/03\/pavage-cloture-AdobeStock_2734980581.jpg\u00a0\u00bb title_text=\u00a0\u00bbGarten- und Landschaftsbau, Neuanlage eines Gartens\u00a0\u00bb _builder_version=\u00a0\u00bb4.27.5&Prime; _module_preset=\u00a0\u00bbdefault\u00a0\u00bb global_colors_info=\u00a0\u00bb{}\u00a0\u00bb][\/et_pb_image][et_pb_image src=\u00a0\u00bbhttps:\/\/jardinsprives-cotedopale.fr\/wp-content\/uploads\/2026\/03\/ganivelle-2.jpg\u00a0\u00bb title_text=\u00a0\u00bbganivelle-2&Prime; _builder_version=\u00a0\u00bb4.27.5&Prime; _module_preset=\u00a0\u00bbdefault\u00a0\u00bb global_colors_info=\u00a0\u00bb{}\u00a0\u00bb][\/et_pb_image][et_pb_image src=\u00a0\u00bbhttps:\/\/jardinsprives-cotedopale.fr\/wp-content\/uploads\/2026\/03\/cloture-et-portail.jpg\u00a0\u00bb title_text=\u00a0\u00bbcloture-et-portail\u00a0\u00bb _builder_version=\u00a0\u00bb4.27.5&Prime; _module_preset=\u00a0\u00bbdefault\u00a0\u00bb global_colors_info=\u00a0\u00bb{}\u00a0\u00bb][\/et_pb_image][et_pb_image src=\u00a0\u00bbhttps:\/\/jardinsprives-cotedopale.fr\/wp-content\/uploads\/2026\/03\/croisillon-et-plantes-grimpantes.jpg\u00a0\u00bb _builder_version=\u00a0\u00bb4.27.6&Prime; _module_preset=\u00a0\u00bbdefault\u00a0\u00bb hover_enabled=\u00a0\u00bb0&Prime; sticky_enabled=\u00a0\u00bb0&Prime; title_text=\u00a0\u00bbcroisillon et plantes grimpantes\u00a0\u00bb][\/et_pb_image][et_pb_image src=\u00a0\u00bbhttps:\/\/jardinsprives-cotedopale.fr\/wp-content\/uploads\/2026\/03\/Fotolia_121844807_XS.jpg\u00a0\u00bb _builder_version=\u00a0\u00bb4.27.6&Prime; _module_preset=\u00a0\u00bbdefault\u00a0\u00bb title_text=\u00a0\u00bbMan fixing fencing\u00a0\u00bb hover_enabled=\u00a0\u00bb0&Prime; sticky_enabled=\u00a0\u00bb0&Prime;][\/et_pb_image][\/et_pb_column][\/et_pb_row][\/et_pb_section][et_pb_section fb_built=\u00a0\u00bb1&Prime; _builder_version=\u00a0\u00bb4.27.5&Prime; _module_preset=\u00a0\u00bbdefault\u00a0\u00bb custom_padding=\u00a0\u00bb0px||2px|||\u00a0\u00bb global_colors_info=\u00a0\u00bb{}\u00a0\u00bb][et_pb_row column_structure=\u00a0\u00bb1_2,1_2&Prime; _builder_version=\u00a0\u00bb4.27.5&Prime; _module_preset=\u00a0\u00bbdefault\u00a0\u00bb global_colors_info=\u00a0\u00bb{}\u00a0\u00bb][et_pb_column type=\u00a0\u00bb1_2&Prime; _builder_version=\u00a0\u00bb4.27.5&Prime; _module_preset=\u00a0\u00bbdefault\u00a0\u00bb global_colors_info=\u00a0\u00bb{}\u00a0\u00bb][et_pb_image src=\u00a0\u00bbhttps:\/\/jardinsprives-cotedopale.fr\/wp-content\/uploads\/2026\/03\/grillage.jpg\u00a0\u00bb title_text=\u00a0\u00bbgrillage\u00a0\u00bb disabled_on=\u00a0\u00bbon|on|off\u00a0\u00bb _builder_version=\u00a0\u00bb4.27.6&Prime; _module_preset=\u00a0\u00bbdefault\u00a0\u00bb custom_margin=\u00a0\u00bb||||false|false\u00a0\u00bb global_colors_info=\u00a0\u00bb{}\u00a0\u00bb][\/et_pb_image][et_pb_image src=\u00a0\u00bbhttps:\/\/jardinsprives-cotedopale.fr\/wp-content\/uploads\/2026\/03\/637480063_1485237513603516_975120638438685897_n-e1774086776824.jpg\u00a0\u00bb title_text=\u00a0\u00bb637480063_1485237513603516_975120638438685897_n\u00a0\u00bb disabled_on=\u00a0\u00bbon|on|off\u00a0\u00bb _builder_version=\u00a0\u00bb4.27.6&Prime; _module_preset=\u00a0\u00bbdefault\u00a0\u00bb custom_margin=\u00a0\u00bb||||false|false\u00a0\u00bb custom_padding=\u00a0\u00bb||||false|false\u00a0\u00bb global_colors_info=\u00a0\u00bb{}\u00a0\u00bb][\/et_pb_image][\/et_pb_column][et_pb_column type=\u00a0\u00bb1_2&Prime; _builder_version=\u00a0\u00bb4.27.5&Prime; _module_preset=\u00a0\u00bbdefault\u00a0\u00bb global_colors_info=\u00a0\u00bb{}\u00a0\u00bb][et_pb_text _builder_version=\u00a0\u00bb4.27.6&Prime; _module_preset=\u00a0\u00bb003e9429-8e11-4d9e-968b-8881092bbf81&Prime; header_2_font=\u00a0\u00bb&#8211;et_global_heading_font||||||||\u00a0\u00bb header_2_text_color=\u00a0\u00bb#000000&Prime; header_2_font_size=\u00a0\u00bb41px\u00a0\u00bb header_2_line_height=\u00a0\u00bb1.3em\u00a0\u00bb custom_margin=\u00a0\u00bb||10px||false|false\u00a0\u00bb header_2_font_size_tablet=\u00a0\u00bb32px\u00a0\u00bb header_2_font_size_phone=\u00a0\u00bb25px\u00a0\u00bb header_2_font_size_last_edited=\u00a0\u00bbon|desktop\u00a0\u00bb header_2_line_height_tablet=\u00a0\u00bb1.2em\u00a0\u00bb header_2_line_height_phone=\u00a0\u00bb1.2em\u00a0\u00bb header_2_line_height_last_edited=\u00a0\u00bboff|desktop\u00a0\u00bb saved_tabs=\u00a0\u00bball\u00a0\u00bb locked=\u00a0\u00bboff\u00a0\u00bb global_colors_info=\u00a0\u00bb{}\u00a0\u00bb]<\/p>\n<h2>B\u00e9n\u00e9ficiez d&rsquo;un taux r\u00e9duit<\/h2>\n<p>[\/et_pb_text][et_pb_image src=\u00a0\u00bbhttps:\/\/jardinsprives-cotedopale.fr\/wp-content\/uploads\/2026\/03\/TAMPON-TVA.gif\u00a0\u00bb title_text=\u00a0\u00bbTAMPON-TVA\u00a0\u00bb align=\u00a0\u00bbcenter\u00a0\u00bb _builder_version=\u00a0\u00bb4.27.6&Prime; _module_preset=\u00a0\u00bbdefault\u00a0\u00bb width=\u00a0\u00bb32%\u00a0\u00bb module_alignment=\u00a0\u00bbcenter\u00a0\u00bb custom_margin=\u00a0\u00bb||||false|false\u00a0\u00bb custom_padding=\u00a0\u00bb0px|||||\u00a0\u00bb global_colors_info=\u00a0\u00bb{}\u00a0\u00bb][\/et_pb_image][et_pb_text _builder_version=\u00a0\u00bb4.27.5&Prime; _module_preset=\u00a0\u00bbdefault\u00a0\u00bb text_font=\u00a0\u00bb&#8211;et_global_body_font||||||||\u00a0\u00bb text_text_color=\u00a0\u00bb#000000&Prime; text_font_size=\u00a0\u00bb18px\u00a0\u00bb text_line_height=\u00a0\u00bb1.8em\u00a0\u00bb global_colors_info=\u00a0\u00bb{}\u00a0\u00bb]<\/p>\n<p><strong>Pour les travaux \u00e9num\u00e9r\u00e9s ci-dessous vous b\u00e9n\u00e9ficiez d\u2019une TVA \u00e0 taux r\u00e9duit<\/strong>.<\/p>\n<ul>\n<li>Pose de cl\u00f4ture<\/li>\n<li>R\u00e9paration de cl\u00f4ture<\/li>\n<li>Pose de portail<\/li>\n<li>Travaux aff\u00e9rents au trac\u00e9 et \u00e0 l\u2019am\u00e9nagement des voies d\u2019acc\u00e8s a l\u2019habitation<\/li>\n<li>Travaux de rev\u00eatement : enrobage, dallage et pavage de ces voies<\/li>\n<li>Travaux d\u2019\u00e9clairage de l\u2019all\u00e9e,<\/li>\n<li>Pose d\u2019un muret de protection<\/li>\n<li>R\u00e9fection du rev\u00eatement d\u2019une terrasse, d\u2019un parking ou d\u2019une cour<\/li>\n<\/ul>\n<p>Pour pouvoir b\u00e9n\u00e9ficier des taux de TVA r\u00e9duit, il est indispensable que les locaux aient \u00e9t\u00e9 achev\u00e9s depuis plus de deux ans. Par ailleurs, les locaux doivent \u00eatre affect\u00e9s \u00e0 l\u2019habitation uniquement.<\/p>\n<p>[\/et_pb_text][\/et_pb_column][\/et_pb_row][\/et_pb_section]<\/p>\n","protected":false},"excerpt":{"rendered":"<p>Cl\u00f4turer son jardinCl\u00f4turer son jardin, c\u2019est mixer la s\u00e9curit\u00e9, le confort et l&rsquo;esth\u00e9tique, pour profiter pleinement de son espace ext\u00e9rieur. La pose d\u2019une cl\u00f4ture permet de structurer votre jardin, d&rsquo;isoler certaines endroits (potager, massifs, piscine) ou encore de prot\u00e9ger la plantation d\u2019arbustes dont les bourgeons qui font le r\u00e9gal de certains gibiers au printemps. Les [&hellip;]<\/p>\n","protected":false},"author":1,"featured_media":0,"parent":0,"menu_order":0,"comment_status":"closed","ping_status":"closed","template":"","meta":{"_et_pb_use_builder":"on","_et_pb_old_content":"","_et_gb_content_width":"","footnotes":""},"class_list":["post-613","page","type-page","status-publish","hentry"],"yoast_head":"<!-- This site is optimized with the Yoast SEO plugin v27.4 - https:\/\/yoast.com\/product\/yoast-seo-wordpress\/ -->\n<title>Cl\u00f4tures - Jardins priv\u00e9s - C\u00f4te d&#039;Opale<\/title>\n<meta name=\"robots\" content=\"index, follow, max-snippet:-1, max-image-preview:large, max-video-preview:-1\" \/>\n<link rel=\"canonical\" href=\"https:\/\/jardinsprives-cotedopale.fr\/clotures\/\" \/>\n<meta property=\"og:locale\" content=\"fr_FR\" \/>\n<meta property=\"og:type\" content=\"article\" \/>\n<meta property=\"og:title\" content=\"Cl\u00f4tures - Jardins priv\u00e9s - C\u00f4te d&#039;Opale\" \/>\n<meta property=\"og:description\" content=\"Cl\u00f4turer son jardinCl\u00f4turer son jardin, c\u2019est mixer la s\u00e9curit\u00e9, le confort et l&#039;esth\u00e9tique, pour profiter pleinement de son espace ext\u00e9rieur. La pose d\u2019une cl\u00f4ture permet de structurer votre jardin, d&#039;isoler certaines endroits (potager, massifs, piscine) ou encore de prot\u00e9ger la plantation d\u2019arbustes dont les bourgeons qui font le r\u00e9gal de certains gibiers au printemps. Les [&hellip;]\" \/>\n<meta property=\"og:url\" content=\"https:\/\/jardinsprives-cotedopale.fr\/clotures\/\" \/>\n<meta property=\"og:site_name\" content=\"Jardins priv\u00e9s - C\u00f4te d&#039;Opale\" \/>\n<meta property=\"article:modified_time\" content=\"2026-03-29T17:47:53+00:00\" \/>\n<meta name=\"twitter:card\" content=\"summary_large_image\" \/>\n<meta name=\"twitter:label1\" content=\"Dur\u00e9e de lecture estim\u00e9e\" \/>\n\t<meta name=\"twitter:data1\" content=\"5 minutes\" \/>\n<script type=\"application\/ld+json\" class=\"yoast-schema-graph\">{\"@context\":\"https:\\\/\\\/schema.org\",\"@graph\":[{\"@type\":\"WebPage\",\"@id\":\"https:\\\/\\\/jardinsprives-cotedopale.fr\\\/clotures\\\/\",\"url\":\"https:\\\/\\\/jardinsprives-cotedopale.fr\\\/clotures\\\/\",\"name\":\"Cl\u00f4tures - Jardins priv\u00e9s - C\u00f4te d&#039;Opale\",\"isPartOf\":{\"@id\":\"https:\\\/\\\/jardinsprives-cotedopale.fr\\\/#website\"},\"datePublished\":\"2026-03-18T19:01:05+00:00\",\"dateModified\":\"2026-03-29T17:47:53+00:00\",\"breadcrumb\":{\"@id\":\"https:\\\/\\\/jardinsprives-cotedopale.fr\\\/clotures\\\/#breadcrumb\"},\"inLanguage\":\"fr-FR\",\"potentialAction\":[{\"@type\":\"ReadAction\",\"target\":[\"https:\\\/\\\/jardinsprives-cotedopale.fr\\\/clotures\\\/\"]}]},{\"@type\":\"BreadcrumbList\",\"@id\":\"https:\\\/\\\/jardinsprives-cotedopale.fr\\\/clotures\\\/#breadcrumb\",\"itemListElement\":[{\"@type\":\"ListItem\",\"position\":1,\"name\":\"Accueil\",\"item\":\"https:\\\/\\\/jardinsprives-cotedopale.fr\\\/\"},{\"@type\":\"ListItem\",\"position\":2,\"name\":\"Cl\u00f4tures\"}]},{\"@type\":\"WebSite\",\"@id\":\"https:\\\/\\\/jardinsprives-cotedopale.fr\\\/#website\",\"url\":\"https:\\\/\\\/jardinsprives-cotedopale.fr\\\/\",\"name\":\"Jardins priv\u00e9s - C\u00f4te d&#039;Opale\",\"description\":\"Cr\u00e9ation Entretien Elagage Cl\u00f4ture Service \u00e0 la personne\",\"potentialAction\":[{\"@type\":\"SearchAction\",\"target\":{\"@type\":\"EntryPoint\",\"urlTemplate\":\"https:\\\/\\\/jardinsprives-cotedopale.fr\\\/?s={search_term_string}\"},\"query-input\":{\"@type\":\"PropertyValueSpecification\",\"valueRequired\":true,\"valueName\":\"search_term_string\"}}],\"inLanguage\":\"fr-FR\"}]}<\/script>\n<!-- \/ Yoast SEO plugin. -->","yoast_head_json":{"title":"Cl\u00f4tures - Jardins priv\u00e9s - C\u00f4te d&#039;Opale","robots":{"index":"index","follow":"follow","max-snippet":"max-snippet:-1","max-image-preview":"max-image-preview:large","max-video-preview":"max-video-preview:-1"},"canonical":"https:\/\/jardinsprives-cotedopale.fr\/clotures\/","og_locale":"fr_FR","og_type":"article","og_title":"Cl\u00f4tures - Jardins priv\u00e9s - C\u00f4te d&#039;Opale","og_description":"Cl\u00f4turer son jardinCl\u00f4turer son jardin, c\u2019est mixer la s\u00e9curit\u00e9, le confort et l'esth\u00e9tique, pour profiter pleinement de son espace ext\u00e9rieur. La pose d\u2019une cl\u00f4ture permet de structurer votre jardin, d'isoler certaines endroits (potager, massifs, piscine) ou encore de prot\u00e9ger la plantation d\u2019arbustes dont les bourgeons qui font le r\u00e9gal de certains gibiers au printemps. Les [&hellip;]","og_url":"https:\/\/jardinsprives-cotedopale.fr\/clotures\/","og_site_name":"Jardins priv\u00e9s - C\u00f4te d&#039;Opale","article_modified_time":"2026-03-29T17:47:53+00:00","twitter_card":"summary_large_image","twitter_misc":{"Dur\u00e9e de lecture estim\u00e9e":"5 minutes"},"schema":{"@context":"https:\/\/schema.org","@graph":[{"@type":"WebPage","@id":"https:\/\/jardinsprives-cotedopale.fr\/clotures\/","url":"https:\/\/jardinsprives-cotedopale.fr\/clotures\/","name":"Cl\u00f4tures - Jardins priv\u00e9s - C\u00f4te d&#039;Opale","isPartOf":{"@id":"https:\/\/jardinsprives-cotedopale.fr\/#website"},"datePublished":"2026-03-18T19:01:05+00:00","dateModified":"2026-03-29T17:47:53+00:00","breadcrumb":{"@id":"https:\/\/jardinsprives-cotedopale.fr\/clotures\/#breadcrumb"},"inLanguage":"fr-FR","potentialAction":[{"@type":"ReadAction","target":["https:\/\/jardinsprives-cotedopale.fr\/clotures\/"]}]},{"@type":"BreadcrumbList","@id":"https:\/\/jardinsprives-cotedopale.fr\/clotures\/#breadcrumb","itemListElement":[{"@type":"ListItem","position":1,"name":"Accueil","item":"https:\/\/jardinsprives-cotedopale.fr\/"},{"@type":"ListItem","position":2,"name":"Cl\u00f4tures"}]},{"@type":"WebSite","@id":"https:\/\/jardinsprives-cotedopale.fr\/#website","url":"https:\/\/jardinsprives-cotedopale.fr\/","name":"Jardins priv\u00e9s - C\u00f4te d&#039;Opale","description":"Cr\u00e9ation Entretien Elagage Cl\u00f4ture Service \u00e0 la personne","potentialAction":[{"@type":"SearchAction","target":{"@type":"EntryPoint","urlTemplate":"https:\/\/jardinsprives-cotedopale.fr\/?s={search_term_string}"},"query-input":{"@type":"PropertyValueSpecification","valueRequired":true,"valueName":"search_term_string"}}],"inLanguage":"fr-FR"}]}},"_links":{"self":[{"href":"https:\/\/jardinsprives-cotedopale.fr\/wp-json\/wp\/v2\/pages\/613","targetHints":{"allow":["GET"]}}],"collection":[{"href":"https:\/\/jardinsprives-cotedopale.fr\/wp-json\/wp\/v2\/pages"}],"about":[{"href":"https:\/\/jardinsprives-cotedopale.fr\/wp-json\/wp\/v2\/types\/page"}],"author":[{"embeddable":true,"href":"https:\/\/jardinsprives-cotedopale.fr\/wp-json\/wp\/v2\/users\/1"}],"replies":[{"embeddable":true,"href":"https:\/\/jardinsprives-cotedopale.fr\/wp-json\/wp\/v2\/comments?post=613"}],"version-history":[{"count":30,"href":"https:\/\/jardinsprives-cotedopale.fr\/wp-json\/wp\/v2\/pages\/613\/revisions"}],"predecessor-version":[{"id":1381,"href":"https:\/\/jardinsprives-cotedopale.fr\/wp-json\/wp\/v2\/pages\/613\/revisions\/1381"}],"wp:attachment":[{"href":"https:\/\/jardinsprives-cotedopale.fr\/wp-json\/wp\/v2\/media?parent=613"}],"curies":[{"name":"wp","href":"https:\/\/api.w.org\/{rel}","templated":true}]}}