{"id":77,"date":"2026-03-19T10:27:14","date_gmt":"2026-03-19T10:27:14","guid":{"rendered":"https:\/\/jardinsprives-cotedopale.fr\/?page_id=77"},"modified":"2026-04-01T15:17:59","modified_gmt":"2026-04-01T15:17:59","slug":"77-2","status":"publish","type":"page","link":"https:\/\/jardinsprives-cotedopale.fr\/77-2\/","title":{"rendered":"Cr\u00e9ation"},"content":{"rendered":"<p>[et_pb_section fb_built=\u00a0\u00bb1&Prime; _builder_version=\u00a0\u00bb4.27.5&Prime; _module_preset=\u00a0\u00bbdefault\u00a0\u00bb custom_padding=\u00a0\u00bb0px|||||\u00a0\u00bb global_colors_info=\u00a0\u00bb{}\u00a0\u00bb][et_pb_row column_structure=\u00a0\u00bb1_2,1_2&Prime; _builder_version=\u00a0\u00bb4.27.6&Prime; _module_preset=\u00a0\u00bbdefault\u00a0\u00bb custom_margin=\u00a0\u00bb50px||||false|false\u00a0\u00bb custom_padding=\u00a0\u00bb||||false|false\u00a0\u00bb global_colors_info=\u00a0\u00bb{}\u00a0\u00bb][et_pb_column type=\u00a0\u00bb1_2&Prime; _builder_version=\u00a0\u00bb4.27.5&Prime; _module_preset=\u00a0\u00bbdefault\u00a0\u00bb global_colors_info=\u00a0\u00bb{}\u00a0\u00bb][et_pb_text _builder_version=\u00a0\u00bb4.27.6&Prime; _module_preset=\u00a0\u00bbdefault\u00a0\u00bb text_font=\u00a0\u00bb&#8211;et_global_body_font||||||||\u00a0\u00bb text_text_color=\u00a0\u00bb#000000&Prime; text_font_size=\u00a0\u00bb18px\u00a0\u00bb text_line_height=\u00a0\u00bb1.8em\u00a0\u00bb header_3_text_color=\u00a0\u00bb#000000&Prime; header_3_font_size=\u00a0\u00bb28px\u00a0\u00bb global_colors_info=\u00a0\u00bb{}\u00a0\u00bb]<\/p>\n<h3><strong>Le lifting de jardin, qu\u2019est-ce que c\u2019est\u00a0?<\/strong><\/h3>\n<p>Un jardin peut mal vieillir, les causes peuvent \u00eatre vari\u00e9es. Par exemple, un massif de plantes vivaces un peu \u00e9puis\u00e9es, un arbre qui a un peu trop pouss\u00e9 et qui fait de l\u2019ombre au mauvais endroit, des arbustes qui ont besoin d\u2019\u00eatre r\u00e9g\u00e9n\u00e9r\u00e9s par rec\u00e9page \u00e0 la bonne saison, un plan de jardin qui ne convient plus aux modes de vie contemporains\u2026.En bref, il y a beaucoup de raisons, mais heureusement, \u00e9galement beaucoup de solutions pour remettre un jardin au go\u00fbt du jour.\u00a0<\/p>\n<p>Votre jardin peut \u00eatre \u00ab\u00a0relook\u00e9\u00a0\u00bb avec peu de moyens et beaucoup d&rsquo;id\u00e9es.\u00a0<\/p>\n<p>Ce travail, respecte les grandes id\u00e9es de d\u00e9part de ses cr\u00e9ateurs plan initial, mais va remettre le jardin dans son \u00e9poque.<\/p>\n<p>De nouveaux am\u00e9nagement peuvent \u00eatre pens\u00e9s, comme par exemple, un terrain de boule, un espace badmington ou une nouvelle place de parking.<\/p>\n<p>[\/et_pb_text][\/et_pb_column][et_pb_column type=\u00a0\u00bb1_2&Prime; _builder_version=\u00a0\u00bb4.27.5&Prime; _module_preset=\u00a0\u00bbdefault\u00a0\u00bb global_colors_info=\u00a0\u00bb{}\u00a0\u00bb][et_pb_heading title=\u00a0\u00bbUn petit lifting de jardin\u00a0\u00bb _builder_version=\u00a0\u00bb4.27.6&Prime; _module_preset=\u00a0\u00bbdefault\u00a0\u00bb title_level=\u00a0\u00bbh2&Prime; title_text_color=\u00a0\u00bb#000000&Prime; title_font_size=\u00a0\u00bb40px\u00a0\u00bb custom_margin=\u00a0\u00bb||||false|false\u00a0\u00bb global_colors_info=\u00a0\u00bb{}\u00a0\u00bb][\/et_pb_heading][et_pb_image src=\u00a0\u00bbhttps:\/\/jardinsprives-cotedopale.fr\/wp-content\/uploads\/2026\/03\/english-garden-1426843_1920.jpg\u00a0\u00bb title_text=\u00a0\u00bbenglish-garden-1426843_1920&Prime; _builder_version=\u00a0\u00bb4.27.6&Prime; _module_preset=\u00a0\u00bbdefault\u00a0\u00bb global_colors_info=\u00a0\u00bb{}\u00a0\u00bb][\/et_pb_image][\/et_pb_column][\/et_pb_row][\/et_pb_section][et_pb_section fb_built=\u00a0\u00bb1&Prime; admin_label=\u00a0\u00bbFooter Copyright\u00a0\u00bb _builder_version=\u00a0\u00bb4.27.5&Prime; _module_preset=\u00a0\u00bbdefault\u00a0\u00bb background_color=\u00a0\u00bb#FFFFFF\u00a0\u00bb custom_padding=\u00a0\u00bb0px||0px||true|false\u00a0\u00bb saved_tabs=\u00a0\u00bball\u00a0\u00bb collapsed=\u00a0\u00bbon\u00a0\u00bb global_colors_info=\u00a0\u00bb{}\u00a0\u00bb][et_pb_row column_structure=\u00a0\u00bb1_2,1_2&Prime; _builder_version=\u00a0\u00bb4.27.5&Prime; _module_preset=\u00a0\u00bbdefault\u00a0\u00bb global_colors_info=\u00a0\u00bb{}\u00a0\u00bb][et_pb_column type=\u00a0\u00bb1_2&Prime; _builder_version=\u00a0\u00bb4.27.5&Prime; _module_preset=\u00a0\u00bbdefault\u00a0\u00bb global_colors_info=\u00a0\u00bb{}\u00a0\u00bb][et_pb_image src=\u00a0\u00bbhttps:\/\/jardinsprives-cotedopale.fr\/wp-content\/uploads\/2026\/03\/plan-250.jpg\u00a0\u00bb title_text=\u00a0\u00bbplan-250&Prime; _builder_version=\u00a0\u00bb4.27.5&Prime; _module_preset=\u00a0\u00bbdefault\u00a0\u00bb global_colors_info=\u00a0\u00bb{}\u00a0\u00bb][\/et_pb_image][et_pb_image src=\u00a0\u00bbhttps:\/\/jardinsprives-cotedopale.fr\/wp-content\/uploads\/2026\/03\/travail-du-sol.jpg\u00a0\u00bb title_text=\u00a0\u00bbtravail-du-sol\u00a0\u00bb _builder_version=\u00a0\u00bb4.27.6&Prime; _module_preset=\u00a0\u00bbdefault\u00a0\u00bb global_colors_info=\u00a0\u00bb{}\u00a0\u00bb][\/et_pb_image][et_pb_image src=\u00a0\u00bbhttps:\/\/jardinsprives-cotedopale.fr\/wp-content\/uploads\/2026\/03\/Fotolia_64510084_XS.jpg\u00a0\u00bb alt=\u00a0\u00bbjardin urbain\u00a0\u00bb title_text=\u00a0\u00bbpetit jardin\u00a0\u00bb _builder_version=\u00a0\u00bb4.27.6&Prime; _module_preset=\u00a0\u00bbdefault\u00a0\u00bb hover_enabled=\u00a0\u00bb0&Prime; global_colors_info=\u00a0\u00bb{}\u00a0\u00bb sticky_enabled=\u00a0\u00bb0&Prime; disabled_on=\u00a0\u00bbon|off|off\u00a0\u00bb][\/et_pb_image][et_pb_image src=\u00a0\u00bbhttps:\/\/jardinsprives-cotedopale.fr\/wp-content\/uploads\/2026\/03\/pavage-250.jpg\u00a0\u00bb alt=\u00a0\u00bbpav\u00e9s anciens\u00a0\u00bb title_text=\u00a0\u00bbpavage-250&Prime; _builder_version=\u00a0\u00bb4.27.6&Prime; _module_preset=\u00a0\u00bbdefault\u00a0\u00bb global_colors_info=\u00a0\u00bb{}\u00a0\u00bb disabled_on=\u00a0\u00bbon|off|off\u00a0\u00bb][\/et_pb_image][\/et_pb_column][et_pb_column type=\u00a0\u00bb1_2&Prime; _builder_version=\u00a0\u00bb4.27.5&Prime; _module_preset=\u00a0\u00bbdefault\u00a0\u00bb global_colors_info=\u00a0\u00bb{}\u00a0\u00bb][et_pb_heading title=\u00a0\u00bbCr\u00e9ation de jardin\u00a0\u00bb _builder_version=\u00a0\u00bb4.27.6&Prime; _module_preset=\u00a0\u00bbdefault\u00a0\u00bb title_font=\u00a0\u00bb&#8211;et_global_heading_font||||||||\u00a0\u00bb title_font_size=\u00a0\u00bb40px\u00a0\u00bb global_colors_info=\u00a0\u00bb{}\u00a0\u00bb][\/et_pb_heading][et_pb_text _builder_version=\u00a0\u00bb4.27.6&Prime; _module_preset=\u00a0\u00bbdefault\u00a0\u00bb text_font=\u00a0\u00bb&#8211;et_global_body_font||||||||\u00a0\u00bb text_text_color=\u00a0\u00bb#000000&Prime; text_font_size=\u00a0\u00bb18px\u00a0\u00bb text_line_height=\u00a0\u00bb1.8em\u00a0\u00bb global_colors_info=\u00a0\u00bb{}\u00a0\u00bb]<\/p>\n<p>\u00a0La cr\u00e9ation d\u2019un jardin est un projet passionnant qui va transformer votre espace ext\u00e9rieur en un v\u00e9ritable \u00ab ext\u00e9rieur \u00e0 vivre \u00bb. Au d\u00e9part il faut mener une r\u00e9flexion sur vos envies, besoins et fa\u00e7ons de vivre. Voulez vous :<\/p>\n<ul>\n<li>Un espace repas<\/li>\n<li>Un endroit ou des enfants vont jouer au ballon\u00a0?<\/li>\n<li>Des arbres fruitiers\u00a0?<\/li>\n<li>Un potager\u00a0?<\/li>\n<li>Des places de parking\u00a0?<\/li>\n<li>Un jardin tr\u00e8s fleuri\u00a0?<\/li>\n<li>Un jardin ensoleill\u00e9\u00a0?<\/li>\n<li>Des zones d\u2019ombre\u00a0?<\/li>\n<li>Un jardin qui ne r\u00e9clame que peu d\u2019entretien\u00a0?<\/li>\n<li>Des v\u00e9g\u00e9taux rares\u00a0?<\/li>\n<li>Des haies pour cr\u00e9er de l\u2019intimit\u00e9\u00a0?<\/li>\n<li>etc&#8230;..<\/li>\n<\/ul>\n<p><strong>Une bonne r\u00e9flexion et planification sont essentielles<\/strong>. Le choix des v\u00e9g\u00e9taux et des plantes en fonction de l\u2019exposition au soleil, du type de sol et du climat de la c\u00f4te d&rsquo;opale. Il faut penser \u00e0 l\u2019am\u00e9nagement des all\u00e9es, des massifs et des zones de repos. Un jardin bien con\u00e7u doit \u00eatre harmonieux et pratique.\u00a0<\/p>\n<p>Int\u00e9grer des arbres pour cr\u00e9er des zones ombrag\u00e9es ou abrit\u00e9es du vent cr\u00e9era un environnement agr\u00e9able tout au long de l\u2019ann\u00e9e. R\u00e9fl\u00e9chir \u00e9galement \u00e0 la saisonnalit\u00e9 en choisissant des plantes qui fleurissent \u00e0 diff\u00e9rentes p\u00e9riodes pour garantir de la couleur tout au long de l\u2019ann\u00e9e.\u00a0<\/p>\n<p>Il faut cr\u00e9er un environnement agr\u00e9able tout au long de l\u2019ann\u00e9e.\u00a0<\/p>\n<p><strong>JARDINS PRIV\u00c9S est l\u00e0 pour vous cr\u00e9er, votre jardin, celui dont vous r\u00eavez, unique et tr\u00e8s personnel.<\/strong><\/p>\n<p>&nbsp;<\/p>\n<p>[\/et_pb_text][\/et_pb_column][\/et_pb_row][\/et_pb_section]<\/p>\n","protected":false},"excerpt":{"rendered":"<p>Le lifting de jardin, qu\u2019est-ce que c\u2019est\u00a0? Un jardin peut mal vieillir, les causes peuvent \u00eatre vari\u00e9es. Par exemple, un massif de plantes vivaces un peu \u00e9puis\u00e9es, un arbre qui a un peu trop pouss\u00e9 et qui fait de l\u2019ombre au mauvais endroit, des arbustes qui ont besoin d\u2019\u00eatre r\u00e9g\u00e9n\u00e9r\u00e9s par rec\u00e9page \u00e0 la bonne [&hellip;]<\/p>\n","protected":false},"author":1,"featured_media":0,"parent":0,"menu_order":0,"comment_status":"closed","ping_status":"closed","template":"","meta":{"_et_pb_use_builder":"on","_et_pb_old_content":"","_et_gb_content_width":"","footnotes":""},"class_list":["post-77","page","type-page","status-publish","hentry"],"yoast_head":"<!-- This site is optimized with the Yoast SEO plugin v27.4 - https:\/\/yoast.com\/product\/yoast-seo-wordpress\/ -->\n<title>Cr\u00e9ation - Jardins priv\u00e9s - C\u00f4te d&#039;Opale<\/title>\n<meta name=\"robots\" content=\"index, follow, max-snippet:-1, max-image-preview:large, max-video-preview:-1\" \/>\n<link rel=\"canonical\" href=\"https:\/\/jardinsprives-cotedopale.fr\/77-2\/\" \/>\n<meta property=\"og:locale\" content=\"fr_FR\" \/>\n<meta property=\"og:type\" content=\"article\" \/>\n<meta property=\"og:title\" content=\"Cr\u00e9ation - Jardins priv\u00e9s - C\u00f4te d&#039;Opale\" \/>\n<meta property=\"og:description\" content=\"Le lifting de jardin, qu\u2019est-ce que c\u2019est\u00a0? Un jardin peut mal vieillir, les causes peuvent \u00eatre vari\u00e9es. Par exemple, un massif de plantes vivaces un peu \u00e9puis\u00e9es, un arbre qui a un peu trop pouss\u00e9 et qui fait de l\u2019ombre au mauvais endroit, des arbustes qui ont besoin d\u2019\u00eatre r\u00e9g\u00e9n\u00e9r\u00e9s par rec\u00e9page \u00e0 la bonne [&hellip;]\" \/>\n<meta property=\"og:url\" content=\"https:\/\/jardinsprives-cotedopale.fr\/77-2\/\" \/>\n<meta property=\"og:site_name\" content=\"Jardins priv\u00e9s - C\u00f4te d&#039;Opale\" \/>\n<meta property=\"article:modified_time\" content=\"2026-04-01T15:17:59+00:00\" \/>\n<meta name=\"twitter:card\" content=\"summary_large_image\" \/>\n<meta name=\"twitter:label1\" content=\"Dur\u00e9e de lecture estim\u00e9e\" \/>\n\t<meta name=\"twitter:data1\" content=\"4 minutes\" \/>\n<script type=\"application\/ld+json\" class=\"yoast-schema-graph\">{\"@context\":\"https:\\\/\\\/schema.org\",\"@graph\":[{\"@type\":\"WebPage\",\"@id\":\"https:\\\/\\\/jardinsprives-cotedopale.fr\\\/77-2\\\/\",\"url\":\"https:\\\/\\\/jardinsprives-cotedopale.fr\\\/77-2\\\/\",\"name\":\"Cr\u00e9ation - Jardins priv\u00e9s - C\u00f4te d&#039;Opale\",\"isPartOf\":{\"@id\":\"https:\\\/\\\/jardinsprives-cotedopale.fr\\\/#website\"},\"datePublished\":\"2026-03-19T10:27:14+00:00\",\"dateModified\":\"2026-04-01T15:17:59+00:00\",\"breadcrumb\":{\"@id\":\"https:\\\/\\\/jardinsprives-cotedopale.fr\\\/77-2\\\/#breadcrumb\"},\"inLanguage\":\"fr-FR\",\"potentialAction\":[{\"@type\":\"ReadAction\",\"target\":[\"https:\\\/\\\/jardinsprives-cotedopale.fr\\\/77-2\\\/\"]}]},{\"@type\":\"BreadcrumbList\",\"@id\":\"https:\\\/\\\/jardinsprives-cotedopale.fr\\\/77-2\\\/#breadcrumb\",\"itemListElement\":[{\"@type\":\"ListItem\",\"position\":1,\"name\":\"Accueil\",\"item\":\"https:\\\/\\\/jardinsprives-cotedopale.fr\\\/\"},{\"@type\":\"ListItem\",\"position\":2,\"name\":\"Cr\u00e9ation\"}]},{\"@type\":\"WebSite\",\"@id\":\"https:\\\/\\\/jardinsprives-cotedopale.fr\\\/#website\",\"url\":\"https:\\\/\\\/jardinsprives-cotedopale.fr\\\/\",\"name\":\"Jardins priv\u00e9s - C\u00f4te d&#039;Opale\",\"description\":\"Cr\u00e9ation Entretien Elagage Cl\u00f4ture Service \u00e0 la personne\",\"potentialAction\":[{\"@type\":\"SearchAction\",\"target\":{\"@type\":\"EntryPoint\",\"urlTemplate\":\"https:\\\/\\\/jardinsprives-cotedopale.fr\\\/?s={search_term_string}\"},\"query-input\":{\"@type\":\"PropertyValueSpecification\",\"valueRequired\":true,\"valueName\":\"search_term_string\"}}],\"inLanguage\":\"fr-FR\"}]}<\/script>\n<!-- \/ Yoast SEO plugin. -->","yoast_head_json":{"title":"Cr\u00e9ation - Jardins priv\u00e9s - C\u00f4te d&#039;Opale","robots":{"index":"index","follow":"follow","max-snippet":"max-snippet:-1","max-image-preview":"max-image-preview:large","max-video-preview":"max-video-preview:-1"},"canonical":"https:\/\/jardinsprives-cotedopale.fr\/77-2\/","og_locale":"fr_FR","og_type":"article","og_title":"Cr\u00e9ation - Jardins priv\u00e9s - C\u00f4te d&#039;Opale","og_description":"Le lifting de jardin, qu\u2019est-ce que c\u2019est\u00a0? Un jardin peut mal vieillir, les causes peuvent \u00eatre vari\u00e9es. Par exemple, un massif de plantes vivaces un peu \u00e9puis\u00e9es, un arbre qui a un peu trop pouss\u00e9 et qui fait de l\u2019ombre au mauvais endroit, des arbustes qui ont besoin d\u2019\u00eatre r\u00e9g\u00e9n\u00e9r\u00e9s par rec\u00e9page \u00e0 la bonne [&hellip;]","og_url":"https:\/\/jardinsprives-cotedopale.fr\/77-2\/","og_site_name":"Jardins priv\u00e9s - C\u00f4te d&#039;Opale","article_modified_time":"2026-04-01T15:17:59+00:00","twitter_card":"summary_large_image","twitter_misc":{"Dur\u00e9e de lecture estim\u00e9e":"4 minutes"},"schema":{"@context":"https:\/\/schema.org","@graph":[{"@type":"WebPage","@id":"https:\/\/jardinsprives-cotedopale.fr\/77-2\/","url":"https:\/\/jardinsprives-cotedopale.fr\/77-2\/","name":"Cr\u00e9ation - Jardins priv\u00e9s - C\u00f4te d&#039;Opale","isPartOf":{"@id":"https:\/\/jardinsprives-cotedopale.fr\/#website"},"datePublished":"2026-03-19T10:27:14+00:00","dateModified":"2026-04-01T15:17:59+00:00","breadcrumb":{"@id":"https:\/\/jardinsprives-cotedopale.fr\/77-2\/#breadcrumb"},"inLanguage":"fr-FR","potentialAction":[{"@type":"ReadAction","target":["https:\/\/jardinsprives-cotedopale.fr\/77-2\/"]}]},{"@type":"BreadcrumbList","@id":"https:\/\/jardinsprives-cotedopale.fr\/77-2\/#breadcrumb","itemListElement":[{"@type":"ListItem","position":1,"name":"Accueil","item":"https:\/\/jardinsprives-cotedopale.fr\/"},{"@type":"ListItem","position":2,"name":"Cr\u00e9ation"}]},{"@type":"WebSite","@id":"https:\/\/jardinsprives-cotedopale.fr\/#website","url":"https:\/\/jardinsprives-cotedopale.fr\/","name":"Jardins priv\u00e9s - C\u00f4te d&#039;Opale","description":"Cr\u00e9ation Entretien Elagage Cl\u00f4ture Service \u00e0 la personne","potentialAction":[{"@type":"SearchAction","target":{"@type":"EntryPoint","urlTemplate":"https:\/\/jardinsprives-cotedopale.fr\/?s={search_term_string}"},"query-input":{"@type":"PropertyValueSpecification","valueRequired":true,"valueName":"search_term_string"}}],"inLanguage":"fr-FR"}]}},"_links":{"self":[{"href":"https:\/\/jardinsprives-cotedopale.fr\/wp-json\/wp\/v2\/pages\/77","targetHints":{"allow":["GET"]}}],"collection":[{"href":"https:\/\/jardinsprives-cotedopale.fr\/wp-json\/wp\/v2\/pages"}],"about":[{"href":"https:\/\/jardinsprives-cotedopale.fr\/wp-json\/wp\/v2\/types\/page"}],"author":[{"embeddable":true,"href":"https:\/\/jardinsprives-cotedopale.fr\/wp-json\/wp\/v2\/users\/1"}],"replies":[{"embeddable":true,"href":"https:\/\/jardinsprives-cotedopale.fr\/wp-json\/wp\/v2\/comments?post=77"}],"version-history":[{"count":38,"href":"https:\/\/jardinsprives-cotedopale.fr\/wp-json\/wp\/v2\/pages\/77\/revisions"}],"predecessor-version":[{"id":1444,"href":"https:\/\/jardinsprives-cotedopale.fr\/wp-json\/wp\/v2\/pages\/77\/revisions\/1444"}],"wp:attachment":[{"href":"https:\/\/jardinsprives-cotedopale.fr\/wp-json\/wp\/v2\/media?parent=77"}],"curies":[{"name":"wp","href":"https:\/\/api.w.org\/{rel}","templated":true}]}}