{"id":9,"date":"2026-02-09T21:25:16","date_gmt":"2026-02-09T21:25:16","guid":{"rendered":"https:\/\/jardinsprives-cotedopale.fr\/?page_id=9"},"modified":"2026-04-01T15:21:05","modified_gmt":"2026-04-01T15:21:05","slug":"prestations","status":"publish","type":"page","link":"https:\/\/jardinsprives-cotedopale.fr\/prestations\/","title":{"rendered":"\u00c9lagages"},"content":{"rendered":"<p>[et_pb_section fb_built=\u00a0\u00bb1&Prime; module_id=\u00a0\u00bbelagage\u00a0\u00bb _builder_version=\u00a0\u00bb4.27.5&Prime; _module_preset=\u00a0\u00bbdefault\u00a0\u00bb custom_padding=\u00a0\u00bb||1px|||\u00a0\u00bb global_colors_info=\u00a0\u00bb{}\u00a0\u00bb][et_pb_row column_structure=\u00a0\u00bb1_2,1_2&Prime; _builder_version=\u00a0\u00bb4.27.5&Prime; _module_preset=\u00a0\u00bbdefault\u00a0\u00bb global_colors_info=\u00a0\u00bb{}\u00a0\u00bb][et_pb_column type=\u00a0\u00bb1_2&Prime; _builder_version=\u00a0\u00bb4.27.5&Prime; _module_preset=\u00a0\u00bbdefault\u00a0\u00bb global_colors_info=\u00a0\u00bb{}\u00a0\u00bb][et_pb_image src=\u00a0\u00bbhttps:\/\/jardinsprives-cotedopale.fr\/wp-content\/uploads\/2026\/03\/pexels-adem-albayrak-383796555-34475773.jpg\u00a0\u00bb title_text=\u00a0\u00bbpexels-adem-albayrak-383796555-34475773&Prime; _builder_version=\u00a0\u00bb4.27.6&Prime; _module_preset=\u00a0\u00bbdefault\u00a0\u00bb global_colors_info=\u00a0\u00bb{}\u00a0\u00bb][\/et_pb_image][\/et_pb_column][et_pb_column type=\u00a0\u00bb1_2&Prime; _builder_version=\u00a0\u00bb4.27.5&Prime; _module_preset=\u00a0\u00bbdefault\u00a0\u00bb global_colors_info=\u00a0\u00bb{}\u00a0\u00bb][et_pb_text _builder_version=\u00a0\u00bb4.27.5&Prime; _module_preset=\u00a0\u00bb003e9429-8e11-4d9e-968b-8881092bbf81&Prime; header_font=\u00a0\u00bb&#8211;et_global_heading_font||||||||\u00a0\u00bb header_text_color=\u00a0\u00bb#000000&Prime; header_font_size=\u00a0\u00bb40px\u00a0\u00bb header_2_font=\u00a0\u00bbNoto Serif||||||||\u00a0\u00bb header_2_text_color=\u00a0\u00bb#000000&Prime; header_2_font_size=\u00a0\u00bb50px\u00a0\u00bb header_2_line_height=\u00a0\u00bb1.3em\u00a0\u00bb custom_margin=\u00a0\u00bb||10px||false|false\u00a0\u00bb header_2_font_size_tablet=\u00a0\u00bb32px\u00a0\u00bb header_2_font_size_phone=\u00a0\u00bb18px\u00a0\u00bb header_2_font_size_last_edited=\u00a0\u00bbon|desktop\u00a0\u00bb header_2_line_height_tablet=\u00a0\u00bb1.2em\u00a0\u00bb header_2_line_height_phone=\u00a0\u00bb1.2em\u00a0\u00bb header_2_line_height_last_edited=\u00a0\u00bboff|desktop\u00a0\u00bb locked=\u00a0\u00bboff\u00a0\u00bb global_colors_info=\u00a0\u00bb{}\u00a0\u00bb]<\/p>\n<h1>Soins des arbres, \u00e9lagage<\/h1>\n<p>[\/et_pb_text][et_pb_text _builder_version=\u00a0\u00bb4.27.6&Prime; _module_preset=\u00a0\u00bb7262e956-c376-4aa6-9642-c413f71527d0&Prime; text_font=\u00a0\u00bb&#8211;et_global_body_font||||||||\u00a0\u00bb text_font_size=\u00a0\u00bb18px\u00a0\u00bb text_line_height=\u00a0\u00bb1.8em\u00a0\u00bb custom_padding=\u00a0\u00bb||17px|||\u00a0\u00bb hover_enabled=\u00a0\u00bb0&Prime; text_font_size_tablet=\u00a0\u00bb\u00a0\u00bb text_font_size_phone=\u00a0\u00bb17px\u00a0\u00bb text_font_size_last_edited=\u00a0\u00bbon|phone\u00a0\u00bb header_font_size_tablet=\u00a0\u00bb55px\u00a0\u00bb header_font_size_last_edited=\u00a0\u00bboff|desktop\u00a0\u00bb locked=\u00a0\u00bboff\u00a0\u00bb global_colors_info=\u00a0\u00bb{}\u00a0\u00bb sticky_enabled=\u00a0\u00bb0&Prime;]<\/p>\n<p><strong><span style=\"color: #000000;\">Avec Sur la c\u00f4te d&rsquo;opale les arbres subissent des al\u00e9as climatiques et environnementaux particuliers.<\/span><\/strong><\/p>\n<p><span style=\"color: #000000;\">Beaucoup d&rsquo;arbres sont sur-expos\u00e9s au vent et aux embruns<strong>.<\/strong> Un autre probl\u00e8me est la qualit\u00e9 des sols souvent sableux sur le sud et calcaire au nord. Ces particularit\u00e9s font que des vari\u00e9t\u00e9s arboricoles sont surrepr\u00e9sent\u00e9s, notamment les pins. Ils demandent une surveillance accrue du fait de leur faible enracinement en profondeur et de leurs prises au vent. Nos interventions consistent souvent \u00e0 all\u00e9ger le houppier pour laisser passer le vent sans coucher les arbres. Remonter les couronnes basses est \u00e9galement une bonne solution esth\u00e9tique et environnementale.\u00a0<\/span><\/p>\n<p><span style=\"color: #000000;\"><strong>La m\u00e9thode de taille que nous employons sur la plupart des sujets est\u00a0 <\/strong>une taille raisonn\u00e9e et douce, qui est recommand\u00e9e en arboriculture aujourd&rsquo;hui.<\/span><\/p>\n<p><span style=\"color: #000000;\">Avec cette technique Nous intervenons de mani\u00e8re tr\u00e8s mesur\u00e9e pour :<\/span><\/p>\n<p><span style=\"color: #000000;\"><strong>&#8211; maintenir la physiologie de l&rsquo;arbre, et garder une forme naturelle et une structure \u00e9quilibr\u00e9e de la couronne.<\/strong><\/span><\/p>\n<p><strong><span style=\"color: #000000;\">&#8211; limiter aux maximum les\u00a0 plaies de coupe importantes, et favoriser la cicatrisation et la sant\u00e9 des arbres.<\/span><\/strong><\/p>\n<p>[\/et_pb_text][\/et_pb_column][\/et_pb_row][\/et_pb_section][et_pb_section fb_built=\u00a0\u00bb1&Prime; _builder_version=\u00a0\u00bb4.27.5&Prime; _module_preset=\u00a0\u00bbdefault\u00a0\u00bb custom_padding=\u00a0\u00bb0px||0px|||\u00a0\u00bb global_colors_info=\u00a0\u00bb{}\u00a0\u00bb][et_pb_row column_structure=\u00a0\u00bb1_2,1_2&Prime; _builder_version=\u00a0\u00bb4.27.5&Prime; _module_preset=\u00a0\u00bbdefault\u00a0\u00bb global_colors_info=\u00a0\u00bb{}\u00a0\u00bb][et_pb_column type=\u00a0\u00bb1_2&Prime; _builder_version=\u00a0\u00bb4.27.5&Prime; _module_preset=\u00a0\u00bbdefault\u00a0\u00bb global_colors_info=\u00a0\u00bb{}\u00a0\u00bb][et_pb_text _builder_version=\u00a0\u00bb4.27.5&Prime; _module_preset=\u00a0\u00bbdefault\u00a0\u00bb text_font=\u00a0\u00bb&#8211;et_global_body_font||||||||\u00a0\u00bb text_font_size=\u00a0\u00bb18px\u00a0\u00bb text_line_height=\u00a0\u00bb1.8em\u00a0\u00bb global_colors_info=\u00a0\u00bb{}\u00a0\u00bb]<\/p>\n<p><span style=\"color: #000000;\"><strong>Notre objectif est donc de conserver les arbres le plus longtemps possible dans de bonnes conditions sanitaires et de s\u00e9curit\u00e9, et de respecter leurs formes naturelles.<\/strong><\/span><br \/><span style=\"color: #000000;\">Certains, habitu\u00e9s \u00e0 des tailles radicales et s\u00e9v\u00e8res s&rsquo;\u00e9tonnent de ces pratiques, mais nous vous assurons que les tailles s\u00e9v\u00e8res cr\u00e9ent plus de probl\u00e8mes qu&rsquo;elles n&rsquo;en r\u00e9solvent..<\/span><\/p>\n<p><span style=\"color: #000000;\">N\u2019h\u00e9sitez pas \u00e0 nous interroger sur ce sujet, si vous voulez des pr\u00e9cisions.\u00a0<\/span><\/p>\n<p><span style=\"color: #000000;\">Notre volont\u00e9 est donc d&rsquo;intervenir de mani\u00e8re mesur\u00e9e sur vos arbres pour les maintenir en bonne sant\u00e9 et leur laisser une forme naturelle.\u00a0<\/span><\/p>\n<p>[\/et_pb_text][\/et_pb_column][et_pb_column type=\u00a0\u00bb1_2&Prime; _builder_version=\u00a0\u00bb4.27.5&Prime; _module_preset=\u00a0\u00bbdefault\u00a0\u00bb global_colors_info=\u00a0\u00bb{}\u00a0\u00bb][et_pb_image src=\u00a0\u00bbhttps:\/\/jardinsprives-cotedopale.fr\/wp-content\/uploads\/2026\/03\/pins-couronnes.jpg\u00a0\u00bb alt=\u00a0\u00bb\u00e9lagage de pins\u00a0\u00bb title_text=\u00a0\u00bbpins-couronnes\u00a0\u00bb _builder_version=\u00a0\u00bb4.27.6&Prime; _module_preset=\u00a0\u00bbdefault\u00a0\u00bb global_colors_info=\u00a0\u00bb{}\u00a0\u00bb][\/et_pb_image][\/et_pb_column][\/et_pb_row][\/et_pb_section][et_pb_section fb_built=\u00a0\u00bb1&Prime; _builder_version=\u00a0\u00bb4.27.5&Prime; _module_preset=\u00a0\u00bbdefault\u00a0\u00bb custom_padding=\u00a0\u00bb3px||0px|||\u00a0\u00bb global_colors_info=\u00a0\u00bb{}\u00a0\u00bb][et_pb_row column_structure=\u00a0\u00bb1_2,1_2&Prime; _builder_version=\u00a0\u00bb4.27.5&Prime; _module_preset=\u00a0\u00bbdefault\u00a0\u00bb global_colors_info=\u00a0\u00bb{}\u00a0\u00bb][et_pb_column type=\u00a0\u00bb1_2&Prime; _builder_version=\u00a0\u00bb4.27.5&Prime; _module_preset=\u00a0\u00bbdefault\u00a0\u00bb global_colors_info=\u00a0\u00bb{}\u00a0\u00bb][et_pb_text _builder_version=\u00a0\u00bb4.27.6&Prime; _module_preset=\u00a0\u00bb003e9429-8e11-4d9e-968b-8881092bbf81&Prime; text_font_size=\u00a0\u00bb18px\u00a0\u00bb header_2_font=\u00a0\u00bb&#8211;et_global_heading_font||||||||\u00a0\u00bb header_2_text_color=\u00a0\u00bb#000000&Prime; header_2_font_size=\u00a0\u00bb40px\u00a0\u00bb header_2_line_height=\u00a0\u00bb1.3em\u00a0\u00bb custom_margin=\u00a0\u00bb||10px||false|false\u00a0\u00bb header_2_font_size_tablet=\u00a0\u00bb32px\u00a0\u00bb header_2_font_size_phone=\u00a0\u00bb30px\u00a0\u00bb header_2_font_size_last_edited=\u00a0\u00bbon|desktop\u00a0\u00bb header_2_line_height_tablet=\u00a0\u00bb1.2em\u00a0\u00bb header_2_line_height_phone=\u00a0\u00bb1.2em\u00a0\u00bb header_2_line_height_last_edited=\u00a0\u00bboff|desktop\u00a0\u00bb locked=\u00a0\u00bboff\u00a0\u00bb global_colors_info=\u00a0\u00bb{}\u00a0\u00bb]<\/p>\n<h2>Surveiller la sant\u00e9 de vos arbres<\/h2>\n<p>[\/et_pb_text][et_pb_text _builder_version=\u00a0\u00bb4.27.6&Prime; _module_preset=\u00a0\u00bb7262e956-c376-4aa6-9642-c413f71527d0&Prime; text_text_color=\u00a0\u00bb#000000&Prime; text_font_size=\u00a0\u00bb18px\u00a0\u00bb text_line_height=\u00a0\u00bb1.8em\u00a0\u00bb text_font_size_tablet=\u00a0\u00bb\u00a0\u00bb text_font_size_phone=\u00a0\u00bb17px\u00a0\u00bb text_font_size_last_edited=\u00a0\u00bbon|phone\u00a0\u00bb header_font_size_tablet=\u00a0\u00bb55px\u00a0\u00bb header_font_size_last_edited=\u00a0\u00bboff|desktop\u00a0\u00bb locked=\u00a0\u00bboff\u00a0\u00bb global_colors_info=\u00a0\u00bb{}\u00a0\u00bb]<\/p>\n<p>Sur la c\u00f4te d&rsquo;opale le vent, peut, ann\u00e9e apr\u00e8s ann\u00e9e, faire pencher plus ou moins dangereusement un arbre. C&rsquo;est quelque chose qu&rsquo;il faut surveiller en surveillant le syst\u00e8me racinaire au pied de l&rsquo;arbre.<\/p>\n<p>Des ravageurs (souvent des champignons microscopiques suivi par des insectes xylophages) peuvent ronger discr\u00e8tement, mais surement le pied des arbres, dans ce cas il faut abattre l&rsquo;arbre, qui parait en bonne sant\u00e9, mais qui risque de tomber au premier coup de vent.<\/p>\n<p>Il faut \u00e9galement \u00e9liminer le bois mort dans les arbres, il est le vecteur d&rsquo;entr\u00e9e du pourrissement du bois sain et la chute d&rsquo;une branche charpenti\u00e8re morte peut \u00eatre tr\u00e8s dangereuse.<\/p>\n<p>\u00a0La surveillance de la sant\u00e9 des arbres de nos clients est r\u00e9alis\u00e9e syst\u00e9matiquement et nous\u00a0 proposons toutes les mesures opportunes pour \u00e9viter les catastrophes.<\/p>\n<p>[\/et_pb_text][\/et_pb_column][et_pb_column type=\u00a0\u00bb1_2&Prime; _builder_version=\u00a0\u00bb4.27.5&Prime; _module_preset=\u00a0\u00bbdefault\u00a0\u00bb global_colors_info=\u00a0\u00bb{}\u00a0\u00bb][et_pb_image src=\u00a0\u00bbhttps:\/\/jardinsprives-cotedopale.fr\/wp-content\/uploads\/2026\/03\/arbre-tombe-cote-opale.jpg\u00a0\u00bb alt=\u00a0\u00bbarbre tempete hardelot\u00a0\u00bb title_text=\u00a0\u00bbarbre-tomb\u00e9-cote-opale\u00a0\u00bb _builder_version=\u00a0\u00bb4.27.6&Prime; _module_preset=\u00a0\u00bbdefault\u00a0\u00bb global_colors_info=\u00a0\u00bb{}\u00a0\u00bb][\/et_pb_image][et_pb_image src=\u00a0\u00bbhttps:\/\/jardinsprives-cotedopale.fr\/wp-content\/uploads\/2026\/03\/pin-pourri.jpg\u00a0\u00bb alt=\u00a0\u00bbpin malade\u00a0\u00bb title_text=\u00a0\u00bbpin-pourri\u00a0\u00bb _builder_version=\u00a0\u00bb4.27.6&Prime; _module_preset=\u00a0\u00bbdefault\u00a0\u00bb global_colors_info=\u00a0\u00bb{}\u00a0\u00bb][\/et_pb_image][\/et_pb_column][\/et_pb_row][\/et_pb_section][et_pb_section fb_built=\u00a0\u00bb1&Prime; _builder_version=\u00a0\u00bb4.27.5&Prime; _module_preset=\u00a0\u00bbdefault\u00a0\u00bb custom_padding=\u00a0\u00bb1px||0px|||\u00a0\u00bb global_colors_info=\u00a0\u00bb{}\u00a0\u00bb][et_pb_row column_structure=\u00a0\u00bb1_2,1_2&Prime; _builder_version=\u00a0\u00bb4.27.5&Prime; _module_preset=\u00a0\u00bbdefault\u00a0\u00bb global_colors_info=\u00a0\u00bb{}\u00a0\u00bb][et_pb_column type=\u00a0\u00bb1_2&Prime; _builder_version=\u00a0\u00bb4.27.5&Prime; _module_preset=\u00a0\u00bbdefault\u00a0\u00bb global_colors_info=\u00a0\u00bb{}\u00a0\u00bb][et_pb_image src=\u00a0\u00bbhttps:\/\/jardinsprives-cotedopale.fr\/wp-content\/uploads\/2026\/03\/pexels-john-robertson-1100376905-34674271.jpg\u00a0\u00bb alt=\u00a0\u00bbhardelot reduction arbre\u00a0\u00bb title_text=\u00a0\u00bb\u00e9lagage hardelot\u00a0\u00bb _builder_version=\u00a0\u00bb4.27.6&Prime; _module_preset=\u00a0\u00bbdefault\u00a0\u00bb global_colors_info=\u00a0\u00bb{}\u00a0\u00bb][\/et_pb_image][\/et_pb_column][et_pb_column type=\u00a0\u00bb1_2&Prime; _builder_version=\u00a0\u00bb4.27.5&Prime; _module_preset=\u00a0\u00bbdefault\u00a0\u00bb global_colors_info=\u00a0\u00bb{}\u00a0\u00bb][et_pb_text _builder_version=\u00a0\u00bb4.27.6&Prime; _module_preset=\u00a0\u00bb003e9429-8e11-4d9e-968b-8881092bbf81&Prime; header_2_font=\u00a0\u00bb&#8211;et_global_heading_font||||||||\u00a0\u00bb header_2_text_color=\u00a0\u00bb#000000&Prime; header_2_font_size=\u00a0\u00bb40px\u00a0\u00bb header_2_line_height=\u00a0\u00bb1.3em\u00a0\u00bb custom_margin=\u00a0\u00bb||10px||false|false\u00a0\u00bb header_2_font_size_tablet=\u00a0\u00bb32px\u00a0\u00bb header_2_font_size_phone=\u00a0\u00bb25px\u00a0\u00bb header_2_font_size_last_edited=\u00a0\u00bbon|desktop\u00a0\u00bb header_2_line_height_tablet=\u00a0\u00bb1.2em\u00a0\u00bb header_2_line_height_phone=\u00a0\u00bb1.2em\u00a0\u00bb header_2_line_height_last_edited=\u00a0\u00bboff|desktop\u00a0\u00bb locked=\u00a0\u00bboff\u00a0\u00bb global_colors_info=\u00a0\u00bb{}\u00a0\u00bb]<\/p>\n<h2>\u00c9lagage \u00e0 la nacelle ou \u00e0 la corde?<\/h2>\n<p>[\/et_pb_text][et_pb_text _builder_version=\u00a0\u00bb4.27.6&Prime; _module_preset=\u00a0\u00bb7262e956-c376-4aa6-9642-c413f71527d0&Prime; text_text_color=\u00a0\u00bb#000000&Prime; text_font_size=\u00a0\u00bb18px\u00a0\u00bb text_line_height=\u00a0\u00bb1.8em\u00a0\u00bb custom_margin=\u00a0\u00bb||-3px|||\u00a0\u00bb text_font_size_tablet=\u00a0\u00bb\u00a0\u00bb text_font_size_phone=\u00a0\u00bb17px\u00a0\u00bb text_font_size_last_edited=\u00a0\u00bbon|phone\u00a0\u00bb header_font_size_tablet=\u00a0\u00bb55px\u00a0\u00bb header_font_size_last_edited=\u00a0\u00bboff|desktop\u00a0\u00bb locked=\u00a0\u00bboff\u00a0\u00bb global_colors_info=\u00a0\u00bb{}\u00a0\u00bb]<\/p>\n<p>L\u2019\u00e9lagage avec un camion nacelle est plus facile et plus rapide. La s\u00e9curit\u00e9 au travail est meilleure pour l&rsquo;\u00e9lagueur et on contr\u00f4le plus facilement les chutes de branches&#8230;<\/p>\n<p>Le co\u00fbt d&rsquo;un camion nacelle est important, mais le temps d&rsquo;intervention en \u00e9lagage est souvent divis\u00e9 par deux. Un prix de main d\u2019\u0153uvre moins important contre-balance le prix de la nacelle.<\/p>\n<p>Si les conditions d&rsquo;acc\u00e8s d&rsquo;un camion nacelle s&rsquo;av\u00e8rent trop difficile, nos \u00e9lagueurs grimpeurs couperont vos arbres en toute s\u00e9curit\u00e9, \u00e9quip\u00e9s avec de harnais et cordes\u00a0 professionnels.<\/p>\n<p>&nbsp;<\/p>\n<p>[\/et_pb_text][et_pb_image src=\u00a0\u00bbhttps:\/\/jardinsprives-cotedopale.fr\/wp-content\/uploads\/2026\/03\/nacelle.jpg\u00a0\u00bb alt=\u00a0\u00bb\u00e9lagage nacelle\u00a0\u00bb title_text=\u00a0\u00bbnacelle bucheron\u00a0\u00bb _builder_version=\u00a0\u00bb4.27.6&Prime; _module_preset=\u00a0\u00bbdefault\u00a0\u00bb global_colors_info=\u00a0\u00bb{}\u00a0\u00bb][\/et_pb_image][\/et_pb_column][\/et_pb_row][\/et_pb_section][et_pb_section fb_built=\u00a0\u00bb1&Prime; _builder_version=\u00a0\u00bb4.27.5&Prime; _module_preset=\u00a0\u00bbdefault\u00a0\u00bb custom_padding=\u00a0\u00bb2px|||||\u00a0\u00bb global_colors_info=\u00a0\u00bb{}\u00a0\u00bb][et_pb_row column_structure=\u00a0\u00bb1_2,1_2&Prime; _builder_version=\u00a0\u00bb4.27.5&Prime; _module_preset=\u00a0\u00bbdefault\u00a0\u00bb global_colors_info=\u00a0\u00bb{}\u00a0\u00bb][et_pb_column type=\u00a0\u00bb1_2&Prime; _builder_version=\u00a0\u00bb4.27.5&Prime; _module_preset=\u00a0\u00bbdefault\u00a0\u00bb global_colors_info=\u00a0\u00bb{}\u00a0\u00bb][et_pb_text _builder_version=\u00a0\u00bb4.27.6&Prime; _module_preset=\u00a0\u00bb003e9429-8e11-4d9e-968b-8881092bbf81&Prime; text_font=\u00a0\u00bb&#8211;et_global_heading_font||||||||\u00a0\u00bb text_font_size=\u00a0\u00bb20px\u00a0\u00bb header_2_font=\u00a0\u00bb&#8211;et_global_heading_font||||||||\u00a0\u00bb header_2_text_color=\u00a0\u00bb#000000&Prime; header_2_font_size=\u00a0\u00bb41px\u00a0\u00bb header_2_line_height=\u00a0\u00bb1.3em\u00a0\u00bb custom_margin=\u00a0\u00bb||10px||false|false\u00a0\u00bb header_2_font_size_tablet=\u00a0\u00bb32px\u00a0\u00bb header_2_font_size_phone=\u00a0\u00bb28px\u00a0\u00bb header_2_font_size_last_edited=\u00a0\u00bbon|desktop\u00a0\u00bb header_2_line_height_tablet=\u00a0\u00bb1.2em\u00a0\u00bb header_2_line_height_phone=\u00a0\u00bb1.2em\u00a0\u00bb header_2_line_height_last_edited=\u00a0\u00bboff|desktop\u00a0\u00bb locked=\u00a0\u00bboff\u00a0\u00bb global_colors_info=\u00a0\u00bb{}\u00a0\u00bb]<\/p>\n<h2>Que faire du bois coup\u00e9?<\/h2>\n<p>[\/et_pb_text][et_pb_text _builder_version=\u00a0\u00bb4.27.6&Prime; _module_preset=\u00a0\u00bb7262e956-c376-4aa6-9642-c413f71527d0&Prime; text_font=\u00a0\u00bb&#8211;et_global_body_font||||||||\u00a0\u00bb text_text_color=\u00a0\u00bb#000000&Prime; text_font_size=\u00a0\u00bb18px\u00a0\u00bb text_line_height=\u00a0\u00bb1.8em\u00a0\u00bb text_font_size_tablet=\u00a0\u00bb\u00a0\u00bb text_font_size_phone=\u00a0\u00bb17px\u00a0\u00bb text_font_size_last_edited=\u00a0\u00bbon|phone\u00a0\u00bb header_font_size_tablet=\u00a0\u00bb55px\u00a0\u00bb header_font_size_last_edited=\u00a0\u00bboff|desktop\u00a0\u00bb locked=\u00a0\u00bboff\u00a0\u00bb global_colors_info=\u00a0\u00bb{}\u00a0\u00bb]<\/p>\n<p>\u00a0Nous vous proposons de broyer les branchages, de les transformer en copeaux, gr\u00e2ce \u00e0 nos broyeurs. Ces copeaux \u00e9tal\u00e9s dans vos massifs, constitueront un excellent paillage, qui garde l&rsquo;humidit\u00e9 dans le sol et limite les mauvaises herbes.<\/p>\n<p>Restent les plus grosses sections que nous pouvons d\u00e9biter et vous ranger en bois de chauffage.<\/p>\n<p>La derni\u00e8re alternative reste l&rsquo;\u00e9vacuation en d\u00e9chetterie sp\u00e9cialis\u00e9e.<\/p>\n<p>[\/et_pb_text][\/et_pb_column][et_pb_column type=\u00a0\u00bb1_2&Prime; _builder_version=\u00a0\u00bb4.27.5&Prime; _module_preset=\u00a0\u00bbdefault\u00a0\u00bb global_colors_info=\u00a0\u00bb{}\u00a0\u00bb][et_pb_image src=\u00a0\u00bbhttps:\/\/jardinsprives-cotedopale.fr\/wp-content\/uploads\/2026\/03\/AdobeStock_369770945.jpg\u00a0\u00bb alt=\u00a0\u00bbbroyeur de branches\u00a0\u00bb title_text=\u00a0\u00bbAdobeStock_369770945&Prime; _builder_version=\u00a0\u00bb4.27.6&Prime; _module_preset=\u00a0\u00bbdefault\u00a0\u00bb global_colors_info=\u00a0\u00bb{}\u00a0\u00bb][\/et_pb_image][\/et_pb_column][\/et_pb_row][\/et_pb_section]<\/p>\n","protected":false},"excerpt":{"rendered":"<p>Soins des arbres, \u00e9lagageAvec Sur la c\u00f4te d&rsquo;opale les arbres subissent des al\u00e9as climatiques et environnementaux particuliers. Beaucoup d&rsquo;arbres sont sur-expos\u00e9s au vent et aux embruns. Un autre probl\u00e8me est la qualit\u00e9 des sols souvent sableux sur le sud et calcaire au nord. Ces particularit\u00e9s font que des vari\u00e9t\u00e9s arboricoles sont surrepr\u00e9sent\u00e9s, notamment les pins. [&hellip;]<\/p>\n","protected":false},"author":1,"featured_media":0,"parent":0,"menu_order":0,"comment_status":"closed","ping_status":"closed","template":"","meta":{"_et_pb_use_builder":"on","_et_pb_old_content":"","_et_gb_content_width":"","footnotes":""},"class_list":["post-9","page","type-page","status-publish","hentry"],"yoast_head":"<!-- This site is optimized with the Yoast SEO plugin v27.4 - https:\/\/yoast.com\/product\/yoast-seo-wordpress\/ -->\n<title>\u00c9lagages - Jardins priv\u00e9s - C\u00f4te d&#039;Opale<\/title>\n<meta name=\"robots\" content=\"index, follow, max-snippet:-1, max-image-preview:large, max-video-preview:-1\" \/>\n<link rel=\"canonical\" href=\"https:\/\/jardinsprives-cotedopale.fr\/prestations\/\" \/>\n<meta property=\"og:locale\" content=\"fr_FR\" \/>\n<meta property=\"og:type\" content=\"article\" \/>\n<meta property=\"og:title\" content=\"\u00c9lagages - Jardins priv\u00e9s - C\u00f4te d&#039;Opale\" \/>\n<meta property=\"og:description\" content=\"Soins des arbres, \u00e9lagageAvec Sur la c\u00f4te d&#039;opale les arbres subissent des al\u00e9as climatiques et environnementaux particuliers. Beaucoup d&#039;arbres sont sur-expos\u00e9s au vent et aux embruns. Un autre probl\u00e8me est la qualit\u00e9 des sols souvent sableux sur le sud et calcaire au nord. Ces particularit\u00e9s font que des vari\u00e9t\u00e9s arboricoles sont surrepr\u00e9sent\u00e9s, notamment les pins. [&hellip;]\" \/>\n<meta property=\"og:url\" content=\"https:\/\/jardinsprives-cotedopale.fr\/prestations\/\" \/>\n<meta property=\"og:site_name\" content=\"Jardins priv\u00e9s - C\u00f4te d&#039;Opale\" \/>\n<meta property=\"article:modified_time\" content=\"2026-04-01T15:21:05+00:00\" \/>\n<meta name=\"twitter:card\" content=\"summary_large_image\" \/>\n<meta name=\"twitter:label1\" content=\"Dur\u00e9e de lecture estim\u00e9e\" \/>\n\t<meta name=\"twitter:data1\" content=\"9 minutes\" \/>\n<script type=\"application\/ld+json\" class=\"yoast-schema-graph\">{\"@context\":\"https:\\\/\\\/schema.org\",\"@graph\":[{\"@type\":\"WebPage\",\"@id\":\"https:\\\/\\\/jardinsprives-cotedopale.fr\\\/prestations\\\/\",\"url\":\"https:\\\/\\\/jardinsprives-cotedopale.fr\\\/prestations\\\/\",\"name\":\"\u00c9lagages - Jardins priv\u00e9s - C\u00f4te d&#039;Opale\",\"isPartOf\":{\"@id\":\"https:\\\/\\\/jardinsprives-cotedopale.fr\\\/#website\"},\"datePublished\":\"2026-02-09T21:25:16+00:00\",\"dateModified\":\"2026-04-01T15:21:05+00:00\",\"breadcrumb\":{\"@id\":\"https:\\\/\\\/jardinsprives-cotedopale.fr\\\/prestations\\\/#breadcrumb\"},\"inLanguage\":\"fr-FR\",\"potentialAction\":[{\"@type\":\"ReadAction\",\"target\":[\"https:\\\/\\\/jardinsprives-cotedopale.fr\\\/prestations\\\/\"]}]},{\"@type\":\"BreadcrumbList\",\"@id\":\"https:\\\/\\\/jardinsprives-cotedopale.fr\\\/prestations\\\/#breadcrumb\",\"itemListElement\":[{\"@type\":\"ListItem\",\"position\":1,\"name\":\"Accueil\",\"item\":\"https:\\\/\\\/jardinsprives-cotedopale.fr\\\/\"},{\"@type\":\"ListItem\",\"position\":2,\"name\":\"\u00c9lagages\"}]},{\"@type\":\"WebSite\",\"@id\":\"https:\\\/\\\/jardinsprives-cotedopale.fr\\\/#website\",\"url\":\"https:\\\/\\\/jardinsprives-cotedopale.fr\\\/\",\"name\":\"Jardins priv\u00e9s - C\u00f4te d&#039;Opale\",\"description\":\"Cr\u00e9ation Entretien Elagage Cl\u00f4ture Service \u00e0 la personne\",\"potentialAction\":[{\"@type\":\"SearchAction\",\"target\":{\"@type\":\"EntryPoint\",\"urlTemplate\":\"https:\\\/\\\/jardinsprives-cotedopale.fr\\\/?s={search_term_string}\"},\"query-input\":{\"@type\":\"PropertyValueSpecification\",\"valueRequired\":true,\"valueName\":\"search_term_string\"}}],\"inLanguage\":\"fr-FR\"}]}<\/script>\n<!-- \/ Yoast SEO plugin. -->","yoast_head_json":{"title":"\u00c9lagages - Jardins priv\u00e9s - C\u00f4te d&#039;Opale","robots":{"index":"index","follow":"follow","max-snippet":"max-snippet:-1","max-image-preview":"max-image-preview:large","max-video-preview":"max-video-preview:-1"},"canonical":"https:\/\/jardinsprives-cotedopale.fr\/prestations\/","og_locale":"fr_FR","og_type":"article","og_title":"\u00c9lagages - Jardins priv\u00e9s - C\u00f4te d&#039;Opale","og_description":"Soins des arbres, \u00e9lagageAvec Sur la c\u00f4te d'opale les arbres subissent des al\u00e9as climatiques et environnementaux particuliers. Beaucoup d'arbres sont sur-expos\u00e9s au vent et aux embruns. Un autre probl\u00e8me est la qualit\u00e9 des sols souvent sableux sur le sud et calcaire au nord. Ces particularit\u00e9s font que des vari\u00e9t\u00e9s arboricoles sont surrepr\u00e9sent\u00e9s, notamment les pins. [&hellip;]","og_url":"https:\/\/jardinsprives-cotedopale.fr\/prestations\/","og_site_name":"Jardins priv\u00e9s - C\u00f4te d&#039;Opale","article_modified_time":"2026-04-01T15:21:05+00:00","twitter_card":"summary_large_image","twitter_misc":{"Dur\u00e9e de lecture estim\u00e9e":"9 minutes"},"schema":{"@context":"https:\/\/schema.org","@graph":[{"@type":"WebPage","@id":"https:\/\/jardinsprives-cotedopale.fr\/prestations\/","url":"https:\/\/jardinsprives-cotedopale.fr\/prestations\/","name":"\u00c9lagages - Jardins priv\u00e9s - C\u00f4te d&#039;Opale","isPartOf":{"@id":"https:\/\/jardinsprives-cotedopale.fr\/#website"},"datePublished":"2026-02-09T21:25:16+00:00","dateModified":"2026-04-01T15:21:05+00:00","breadcrumb":{"@id":"https:\/\/jardinsprives-cotedopale.fr\/prestations\/#breadcrumb"},"inLanguage":"fr-FR","potentialAction":[{"@type":"ReadAction","target":["https:\/\/jardinsprives-cotedopale.fr\/prestations\/"]}]},{"@type":"BreadcrumbList","@id":"https:\/\/jardinsprives-cotedopale.fr\/prestations\/#breadcrumb","itemListElement":[{"@type":"ListItem","position":1,"name":"Accueil","item":"https:\/\/jardinsprives-cotedopale.fr\/"},{"@type":"ListItem","position":2,"name":"\u00c9lagages"}]},{"@type":"WebSite","@id":"https:\/\/jardinsprives-cotedopale.fr\/#website","url":"https:\/\/jardinsprives-cotedopale.fr\/","name":"Jardins priv\u00e9s - C\u00f4te d&#039;Opale","description":"Cr\u00e9ation Entretien Elagage Cl\u00f4ture Service \u00e0 la personne","potentialAction":[{"@type":"SearchAction","target":{"@type":"EntryPoint","urlTemplate":"https:\/\/jardinsprives-cotedopale.fr\/?s={search_term_string}"},"query-input":{"@type":"PropertyValueSpecification","valueRequired":true,"valueName":"search_term_string"}}],"inLanguage":"fr-FR"}]}},"_links":{"self":[{"href":"https:\/\/jardinsprives-cotedopale.fr\/wp-json\/wp\/v2\/pages\/9","targetHints":{"allow":["GET"]}}],"collection":[{"href":"https:\/\/jardinsprives-cotedopale.fr\/wp-json\/wp\/v2\/pages"}],"about":[{"href":"https:\/\/jardinsprives-cotedopale.fr\/wp-json\/wp\/v2\/types\/page"}],"author":[{"embeddable":true,"href":"https:\/\/jardinsprives-cotedopale.fr\/wp-json\/wp\/v2\/users\/1"}],"replies":[{"embeddable":true,"href":"https:\/\/jardinsprives-cotedopale.fr\/wp-json\/wp\/v2\/comments?post=9"}],"version-history":[{"count":53,"href":"https:\/\/jardinsprives-cotedopale.fr\/wp-json\/wp\/v2\/pages\/9\/revisions"}],"predecessor-version":[{"id":1447,"href":"https:\/\/jardinsprives-cotedopale.fr\/wp-json\/wp\/v2\/pages\/9\/revisions\/1447"}],"wp:attachment":[{"href":"https:\/\/jardinsprives-cotedopale.fr\/wp-json\/wp\/v2\/media?parent=9"}],"curies":[{"name":"wp","href":"https:\/\/api.w.org\/{rel}","templated":true}]}}